{"id":2903,"date":"2022-09-29T11:27:57","date_gmt":"2022-09-29T15:27:57","guid":{"rendered":"https:\/\/careerreadylancaster.com\/?page_id=2903"},"modified":"2022-11-22T11:05:35","modified_gmt":"2022-11-22T16:05:35","slug":"work-based-learning-resources","status":"publish","type":"page","link":"https:\/\/careerreadylancaster.com\/es\/work-based-learning-resources\/","title":{"rendered":"Recursos de aprendizaje basados en el trabajo"},"content":{"rendered":"<div class=\"gb-container gb-container-e12a7337 alignfull\"><div class=\"gb-inside-container\">\n<div class=\"gb-container gb-container-af366cd1\"><div class=\"gb-inside-container\">\n\n<figure class=\"gb-block-image gb-block-image-2c49ad30\"><a href=\"\/es\/\"><img decoding=\"async\" width=\"1315\" height=\"482\" class=\"gb-image gb-image-2c49ad30 lazyload\" data-src=\"https:\/\/careerreadylancaster.com\/wp-content\/uploads\/2021\/09\/logo-with-wordmark@4x-1.png\" alt=\"\" title=\"logotipo con marca denominativa @ 4x\" data-srcset=\"https:\/\/careerreadylancaster.com\/wp-content\/uploads\/2021\/09\/logo-with-wordmark@4x-1.png 1315w, https:\/\/careerreadylancaster.com\/wp-content\/uploads\/2021\/09\/logo-with-wordmark@4x-1-300x110.png 300w, https:\/\/careerreadylancaster.com\/wp-content\/uploads\/2021\/09\/logo-with-wordmark@4x-1-1024x375.png 1024w, https:\/\/careerreadylancaster.com\/wp-content\/uploads\/2021\/09\/logo-with-wordmark@4x-1-768x282.png 768w\" data-sizes=\"(max-width: 1315px) 100vw, 1315px\" src=\"data:image\/svg+xml;base64,PHN2ZyB3aWR0aD0iMSIgaGVpZ2h0PSIxIiB4bWxucz0iaHR0cDovL3d3dy53My5vcmcvMjAwMC9zdmciPjwvc3ZnPg==\" style=\"--smush-placeholder-width: 1315px; --smush-placeholder-aspect-ratio: 1315\/482;\" \/><\/a><\/figure>\n\n<\/div><\/div>\n\n<h2 class=\"gb-headline gb-headline-d8f8e890 gb-headline-text\">Recursos de aprendizaje basados en el trabajo<\/h2>\n\n<div class=\"gb-container gb-container-511690e6\"><div class=\"gb-inside-container\">\n\n<p class=\"gb-headline gb-headline-81fb16ec gb-headline-text\">El aprendizaje basado en el trabajo (WBL) conecta los lugares de trabajo con el aula, preparando a los estudiantes para carreras del mundo real e introduciendo la industria a una fuerza laboral emergente.<\/p>\n\n<\/div><\/div>\n<\/div><\/div>\n\n<div class=\"gb-container gb-container-5865400e\"><div class=\"gb-inside-container\">\n<div class=\"gb-grid-wrapper gb-grid-wrapper-2b0619b7\">\n<div class=\"gb-grid-column gb-grid-column-ff42ec55\"><div class=\"gb-container gb-container-ff42ec55\"><div class=\"gb-inside-container\">\n<div class=\"gb-container gb-container-95bb3904\"><div class=\"gb-inside-container\">\n\n<p class=\"gb-headline gb-headline-c91ca3ae gb-headline-text\">Padres<\/p>\n\n<\/div><\/div>\n<\/div><\/div><\/div>\n\n<div class=\"gb-grid-column gb-grid-column-58378a9f\"><div class=\"gb-container gb-container-58378a9f\"><div class=\"gb-inside-container\">\n<div class=\"gb-grid-wrapper gb-grid-wrapper-a8beb869\">\n<div class=\"gb-grid-column gb-grid-column-d612a2ae\"><div class=\"gb-container gb-container-d612a2ae is-sequenced\"><a class=\"gb-container-link\" href=\"https:\/\/www.pacareerzone.org\/\" rel=\"nofollow noopener noreferrer\" target=\"_blank\"><\/a><div class=\"gb-inside-container\">\n\n<h3 class=\"gb-headline gb-headline-3f0c5f9e gb-headline-text\">Zona de carrera PA<\/h3>\n\n\n\n<p class=\"gb-headline gb-headline-30bfe994 gb-headline-text\">Una gu\u00eda para padres y otros recursos que ayudar\u00e1n a los j\u00f3venes a trav\u00e9s del proceso de exploraci\u00f3n de carreras.<\/p>\n\n\n<div class=\"gb-button-wrapper gb-button-wrapper-4286f790\">\n\n<a class=\"gb-button gb-button-042c1e5a\" href=\"https:\/\/careerreadylancaster.com\/es\/career-exploration\/high-five\/\"><span class=\"gb-button-text\">Visitar sitio<\/span><span class=\"gb-icon\"><svg aria-hidden=\"true\" role=\"img\" height=\"1em\" width=\"1em\" viewbox=\"0 0 256 512\" xmlns=\"http:\/\/www.w3.org\/2000\/svg\"><path fill=\"currentColor\" d=\"M224.3 273l-136 136c-9.4 9.4-24.6 9.4-33.9 0l-22.6-22.6c-9.4-9.4-9.4-24.6 0-33.9l96.4-96.4-96.4-96.4c-9.4-9.4-9.4-24.6 0-33.9L54.3 103c9.4-9.4 24.6-9.4 33.9 0l136 136c9.5 9.4 9.5 24.6.1 34z\"><\/path><\/svg><\/span><\/a>\n\n<\/div>\n<\/div><\/div><\/div>\n\n<div class=\"gb-grid-column gb-grid-column-2631203d\"><div class=\"gb-container gb-container-2631203d is-sequenced\"><a class=\"gb-container-link\" href=\"https:\/\/www.pacareerzone.org\/\" rel=\"nofollow noopener noreferrer\" target=\"_blank\"><\/a><div class=\"gb-inside-container\">\n\n<h3 class=\"gb-headline gb-headline-e28dcc25 gb-headline-text\">Zona de carrera PA<\/h3>\n\n\n\n<p class=\"gb-headline gb-headline-59729a7b gb-headline-text\">Una gu\u00eda para padres y otros recursos que ayudar\u00e1n a los j\u00f3venes a trav\u00e9s del proceso de exploraci\u00f3n de carreras.<\/p>\n\n\n<div class=\"gb-button-wrapper gb-button-wrapper-8ae6aeec\">\n\n<a class=\"gb-button gb-button-b183744e\" href=\"https:\/\/careerreadylancaster.com\/es\/career-exploration\/high-five\/\"><span class=\"gb-button-text\">Visitar sitio<\/span><span class=\"gb-icon\"><svg aria-hidden=\"true\" role=\"img\" height=\"1em\" width=\"1em\" viewbox=\"0 0 256 512\" xmlns=\"http:\/\/www.w3.org\/2000\/svg\"><path fill=\"currentColor\" d=\"M224.3 273l-136 136c-9.4 9.4-24.6 9.4-33.9 0l-22.6-22.6c-9.4-9.4-9.4-24.6 0-33.9l96.4-96.4-96.4-96.4c-9.4-9.4-9.4-24.6 0-33.9L54.3 103c9.4-9.4 24.6-9.4 33.9 0l136 136c9.5 9.4 9.5 24.6.1 34z\"><\/path><\/svg><\/span><\/a>\n\n<\/div>\n<\/div><\/div><\/div>\n\n<div class=\"gb-grid-column gb-grid-column-d1156091\"><div class=\"gb-container gb-container-d1156091 is-sequenced\"><a class=\"gb-container-link\" href=\"https:\/\/www.pacareerzone.org\/\" rel=\"nofollow noopener noreferrer\" target=\"_blank\"><\/a><div class=\"gb-inside-container\">\n\n<h3 class=\"gb-headline gb-headline-515f2a1e gb-headline-text\">Zona de carrera PA<\/h3>\n\n\n\n<p class=\"gb-headline gb-headline-83f4dc64 gb-headline-text\">Una gu\u00eda para padres y otros recursos que ayudar\u00e1n a los j\u00f3venes a trav\u00e9s del proceso de exploraci\u00f3n de carreras.<\/p>\n\n\n<div class=\"gb-button-wrapper gb-button-wrapper-faa7c991\">\n\n<a class=\"gb-button gb-button-043e7c3f\" href=\"https:\/\/careerreadylancaster.com\/es\/career-exploration\/high-five\/\"><span class=\"gb-button-text\">Visitar sitio<\/span><span class=\"gb-icon\"><svg aria-hidden=\"true\" role=\"img\" height=\"1em\" width=\"1em\" viewbox=\"0 0 256 512\" xmlns=\"http:\/\/www.w3.org\/2000\/svg\"><path fill=\"currentColor\" d=\"M224.3 273l-136 136c-9.4 9.4-24.6 9.4-33.9 0l-22.6-22.6c-9.4-9.4-9.4-24.6 0-33.9l96.4-96.4-96.4-96.4c-9.4-9.4-9.4-24.6 0-33.9L54.3 103c9.4-9.4 24.6-9.4 33.9 0l136 136c9.5 9.4 9.5 24.6.1 34z\"><\/path><\/svg><\/span><\/a>\n\n<\/div>\n<\/div><\/div><\/div>\n\n<div class=\"gb-grid-column gb-grid-column-91da4dcc\"><div class=\"gb-container gb-container-91da4dcc is-sequenced\"><a class=\"gb-container-link\" href=\"https:\/\/www.pacareerzone.org\/\" rel=\"nofollow noopener noreferrer\" target=\"_blank\"><\/a><div class=\"gb-inside-container\">\n\n<h3 class=\"gb-headline gb-headline-ffb4f005 gb-headline-text\">Zona de carrera PA<\/h3>\n\n\n\n<p class=\"gb-headline gb-headline-51315fa4 gb-headline-text\">Una gu\u00eda para padres y otros recursos que ayudar\u00e1n a los j\u00f3venes a trav\u00e9s del proceso de exploraci\u00f3n de carreras.<\/p>\n\n\n<div class=\"gb-button-wrapper gb-button-wrapper-92d91749\">\n\n<a class=\"gb-button gb-button-36af3e8a\" href=\"https:\/\/careerreadylancaster.com\/es\/career-exploration\/high-five\/\"><span class=\"gb-button-text\">Visitar sitio<\/span><span class=\"gb-icon\"><svg aria-hidden=\"true\" role=\"img\" height=\"1em\" width=\"1em\" viewbox=\"0 0 256 512\" xmlns=\"http:\/\/www.w3.org\/2000\/svg\"><path fill=\"currentColor\" d=\"M224.3 273l-136 136c-9.4 9.4-24.6 9.4-33.9 0l-22.6-22.6c-9.4-9.4-9.4-24.6 0-33.9l96.4-96.4-96.4-96.4c-9.4-9.4-9.4-24.6 0-33.9L54.3 103c9.4-9.4 24.6-9.4 33.9 0l136 136c9.5 9.4 9.5 24.6.1 34z\"><\/path><\/svg><\/span><\/a>\n\n<\/div>\n<\/div><\/div><\/div>\n\n<div class=\"gb-grid-column gb-grid-column-453def0c\"><div class=\"gb-container gb-container-453def0c is-sequenced\"><a class=\"gb-container-link\" href=\"https:\/\/www.pacareerzone.org\/\" rel=\"nofollow noopener noreferrer\" target=\"_blank\"><\/a><div class=\"gb-inside-container\">\n\n<h3 class=\"gb-headline gb-headline-77971fac gb-headline-text\">Zona de carrera PA<\/h3>\n\n\n\n<p class=\"gb-headline gb-headline-f56daac2 gb-headline-text\">Una gu\u00eda para padres y otros recursos que ayudar\u00e1n a los j\u00f3venes a trav\u00e9s del proceso de exploraci\u00f3n de carreras.<\/p>\n\n\n<div class=\"gb-button-wrapper gb-button-wrapper-69520fb1\">\n\n<a class=\"gb-button gb-button-51b55768\" href=\"https:\/\/careerreadylancaster.com\/es\/career-exploration\/high-five\/\"><span class=\"gb-button-text\">Visitar sitio<\/span><span class=\"gb-icon\"><svg aria-hidden=\"true\" role=\"img\" height=\"1em\" width=\"1em\" viewbox=\"0 0 256 512\" xmlns=\"http:\/\/www.w3.org\/2000\/svg\"><path fill=\"currentColor\" d=\"M224.3 273l-136 136c-9.4 9.4-24.6 9.4-33.9 0l-22.6-22.6c-9.4-9.4-9.4-24.6 0-33.9l96.4-96.4-96.4-96.4c-9.4-9.4-9.4-24.6 0-33.9L54.3 103c9.4-9.4 24.6-9.4 33.9 0l136 136c9.5 9.4 9.5 24.6.1 34z\"><\/path><\/svg><\/span><\/a>\n\n<\/div>\n<\/div><\/div><\/div>\n\n<div class=\"gb-grid-column gb-grid-column-9ef6bbbb\"><div class=\"gb-container gb-container-9ef6bbbb is-sequenced\"><a class=\"gb-container-link\" href=\"https:\/\/www.pacareerzone.org\/\" rel=\"nofollow noopener noreferrer\" target=\"_blank\"><\/a><div class=\"gb-inside-container\">\n\n<h3 class=\"gb-headline gb-headline-2502d88a gb-headline-text\">Zona de carrera PA<\/h3>\n\n\n\n<p class=\"gb-headline gb-headline-d33b53e7 gb-headline-text\">Una gu\u00eda para padres y otros recursos que ayudar\u00e1n a los j\u00f3venes a trav\u00e9s del proceso de exploraci\u00f3n de carreras.<\/p>\n\n\n<div class=\"gb-button-wrapper gb-button-wrapper-cc6178d5\">\n\n<a class=\"gb-button gb-button-aa99da28\" href=\"https:\/\/careerreadylancaster.com\/es\/career-exploration\/high-five\/\"><span class=\"gb-button-text\">Visitar sitio<\/span><span class=\"gb-icon\"><svg aria-hidden=\"true\" role=\"img\" height=\"1em\" width=\"1em\" viewbox=\"0 0 256 512\" xmlns=\"http:\/\/www.w3.org\/2000\/svg\"><path fill=\"currentColor\" d=\"M224.3 273l-136 136c-9.4 9.4-24.6 9.4-33.9 0l-22.6-22.6c-9.4-9.4-9.4-24.6 0-33.9l96.4-96.4-96.4-96.4c-9.4-9.4-9.4-24.6 0-33.9L54.3 103c9.4-9.4 24.6-9.4 33.9 0l136 136c9.5 9.4 9.5 24.6.1 34z\"><\/path><\/svg><\/span><\/a>\n\n<\/div>\n<\/div><\/div><\/div>\n<\/div>\n<\/div><\/div><\/div>\n<\/div>\n<\/div><\/div>","protected":false},"excerpt":{"rendered":"<p>Recursos de aprendizaje basados en el trabajo El aprendizaje basado en el trabajo (WBL) conecta los lugares de trabajo con el aula, preparando a los estudiantes para carreras del mundo real e introduciendo la industria a una fuerza laboral emergente.<\/p>","protected":false},"author":11,"featured_media":0,"parent":0,"menu_order":0,"comment_status":"closed","ping_status":"closed","template":"","meta":{"_acf_changed":false,"inline_featured_image":false,"_monsterinsights_skip_tracking":false,"_monsterinsights_sitenote_active":false,"_monsterinsights_sitenote_note":"","_monsterinsights_sitenote_category":0,"footnotes":""},"class_list":["post-2903","page","type-page","status-publish","no-featured-image-padding"],"acf":[],"yoast_head":"<!-- This site is optimized with the Yoast SEO plugin v27.3 - https:\/\/yoast.com\/product\/yoast-seo-wordpress\/ -->\n<title>Work-Based Learning Resources - Career Ready Lancaster!<\/title>\n<meta name=\"robots\" content=\"index, follow, max-snippet:-1, max-image-preview:large, max-video-preview:-1\" \/>\n<link rel=\"canonical\" href=\"https:\/\/careerreadylancaster.com\/es\/work-based-learning-resources\/\" \/>\n<meta property=\"og:locale\" content=\"es_ES\" \/>\n<meta property=\"og:type\" content=\"article\" \/>\n<meta property=\"og:title\" content=\"Work-Based Learning Resources - Career Ready Lancaster!\" \/>\n<meta property=\"og:description\" content=\"Work-Based Learning Resources Work-based learning (WBL) connects workplaces to the classroom, preparing students for real-world careers and introducing industry to an emerging workforce.\" \/>\n<meta property=\"og:url\" content=\"https:\/\/careerreadylancaster.com\/es\/work-based-learning-resources\/\" \/>\n<meta property=\"og:site_name\" content=\"Career Ready Lancaster!\" \/>\n<meta property=\"article:modified_time\" content=\"2022-11-22T16:05:35+00:00\" \/>\n<meta property=\"og:image\" content=\"https:\/\/careerreadylancaster.com\/wp-content\/uploads\/2021\/09\/logo-with-wordmark@4x-1.png\" \/>\n<meta name=\"twitter:card\" content=\"summary_large_image\" \/>\n<meta name=\"twitter:label1\" content=\"Est. reading time\" \/>\n\t<meta name=\"twitter:data1\" content=\"1 minuto\" \/>\n<script type=\"application\/ld+json\" class=\"yoast-schema-graph\">{\"@context\":\"https:\\\/\\\/schema.org\",\"@graph\":[{\"@type\":\"WebPage\",\"@id\":\"https:\\\/\\\/careerreadylancaster.com\\\/work-based-learning-resources\\\/\",\"url\":\"https:\\\/\\\/careerreadylancaster.com\\\/work-based-learning-resources\\\/\",\"name\":\"Work-Based Learning Resources - Career Ready Lancaster!\",\"isPartOf\":{\"@id\":\"https:\\\/\\\/careerreadylancaster.com\\\/#website\"},\"primaryImageOfPage\":{\"@id\":\"https:\\\/\\\/careerreadylancaster.com\\\/work-based-learning-resources\\\/#primaryimage\"},\"image\":{\"@id\":\"https:\\\/\\\/careerreadylancaster.com\\\/work-based-learning-resources\\\/#primaryimage\"},\"thumbnailUrl\":\"https:\\\/\\\/careerreadylancaster.com\\\/wp-content\\\/uploads\\\/2021\\\/09\\\/logo-with-wordmark@4x-1.png\",\"datePublished\":\"2022-09-29T15:27:57+00:00\",\"dateModified\":\"2022-11-22T16:05:35+00:00\",\"breadcrumb\":{\"@id\":\"https:\\\/\\\/careerreadylancaster.com\\\/work-based-learning-resources\\\/#breadcrumb\"},\"inLanguage\":\"es\",\"potentialAction\":[{\"@type\":\"ReadAction\",\"target\":[\"https:\\\/\\\/careerreadylancaster.com\\\/work-based-learning-resources\\\/\"]}]},{\"@type\":\"ImageObject\",\"inLanguage\":\"es\",\"@id\":\"https:\\\/\\\/careerreadylancaster.com\\\/work-based-learning-resources\\\/#primaryimage\",\"url\":\"https:\\\/\\\/careerreadylancaster.com\\\/wp-content\\\/uploads\\\/2021\\\/09\\\/logo-with-wordmark@4x-1.png\",\"contentUrl\":\"https:\\\/\\\/careerreadylancaster.com\\\/wp-content\\\/uploads\\\/2021\\\/09\\\/logo-with-wordmark@4x-1.png\"},{\"@type\":\"BreadcrumbList\",\"@id\":\"https:\\\/\\\/careerreadylancaster.com\\\/work-based-learning-resources\\\/#breadcrumb\",\"itemListElement\":[{\"@type\":\"ListItem\",\"position\":1,\"name\":\"Home\",\"item\":\"https:\\\/\\\/careerreadylancaster.com\\\/\"},{\"@type\":\"ListItem\",\"position\":2,\"name\":\"Work-Based Learning Resources\"}]},{\"@type\":\"WebSite\",\"@id\":\"https:\\\/\\\/careerreadylancaster.com\\\/#website\",\"url\":\"https:\\\/\\\/careerreadylancaster.com\\\/\",\"name\":\"Career Ready Lancaster!\",\"description\":\"\",\"publisher\":{\"@id\":\"https:\\\/\\\/careerreadylancaster.com\\\/#organization\"},\"potentialAction\":[{\"@type\":\"SearchAction\",\"target\":{\"@type\":\"EntryPoint\",\"urlTemplate\":\"https:\\\/\\\/careerreadylancaster.com\\\/?s={search_term_string}\"},\"query-input\":{\"@type\":\"PropertyValueSpecification\",\"valueRequired\":true,\"valueName\":\"search_term_string\"}}],\"inLanguage\":\"es\"},{\"@type\":\"Organization\",\"@id\":\"https:\\\/\\\/careerreadylancaster.com\\\/#organization\",\"name\":\"Career Ready Lancaster!\",\"url\":\"https:\\\/\\\/careerreadylancaster.com\\\/\",\"logo\":{\"@type\":\"ImageObject\",\"inLanguage\":\"es\",\"@id\":\"https:\\\/\\\/careerreadylancaster.com\\\/#\\\/schema\\\/logo\\\/image\\\/\",\"url\":\"https:\\\/\\\/careerreadylancaster.com\\\/wp-content\\\/uploads\\\/2021\\\/08\\\/crl.png\",\"contentUrl\":\"https:\\\/\\\/careerreadylancaster.com\\\/wp-content\\\/uploads\\\/2021\\\/08\\\/crl.png\",\"width\":1200,\"height\":630,\"caption\":\"Career Ready Lancaster!\"},\"image\":{\"@id\":\"https:\\\/\\\/careerreadylancaster.com\\\/#\\\/schema\\\/logo\\\/image\\\/\"}}]}<\/script>\n<!-- \/ Yoast SEO plugin. -->","yoast_head_json":{"title":"Work-Based Learning Resources - Career Ready Lancaster!","robots":{"index":"index","follow":"follow","max-snippet":"max-snippet:-1","max-image-preview":"max-image-preview:large","max-video-preview":"max-video-preview:-1"},"canonical":"https:\/\/careerreadylancaster.com\/es\/work-based-learning-resources\/","og_locale":"es_ES","og_type":"article","og_title":"Work-Based Learning Resources - Career Ready Lancaster!","og_description":"Work-Based Learning Resources Work-based learning (WBL) connects workplaces to the classroom, preparing students for real-world careers and introducing industry to an emerging workforce.","og_url":"https:\/\/careerreadylancaster.com\/es\/work-based-learning-resources\/","og_site_name":"Career Ready Lancaster!","article_modified_time":"2022-11-22T16:05:35+00:00","og_image":[{"url":"https:\/\/careerreadylancaster.com\/wp-content\/uploads\/2021\/09\/logo-with-wordmark@4x-1.png","type":"","width":"","height":""}],"twitter_card":"summary_large_image","twitter_misc":{"Est. reading time":"1 minuto"},"schema":{"@context":"https:\/\/schema.org","@graph":[{"@type":"WebPage","@id":"https:\/\/careerreadylancaster.com\/work-based-learning-resources\/","url":"https:\/\/careerreadylancaster.com\/work-based-learning-resources\/","name":"Work-Based Learning Resources - Career Ready Lancaster!","isPartOf":{"@id":"https:\/\/careerreadylancaster.com\/#website"},"primaryImageOfPage":{"@id":"https:\/\/careerreadylancaster.com\/work-based-learning-resources\/#primaryimage"},"image":{"@id":"https:\/\/careerreadylancaster.com\/work-based-learning-resources\/#primaryimage"},"thumbnailUrl":"https:\/\/careerreadylancaster.com\/wp-content\/uploads\/2021\/09\/logo-with-wordmark@4x-1.png","datePublished":"2022-09-29T15:27:57+00:00","dateModified":"2022-11-22T16:05:35+00:00","breadcrumb":{"@id":"https:\/\/careerreadylancaster.com\/work-based-learning-resources\/#breadcrumb"},"inLanguage":"es","potentialAction":[{"@type":"ReadAction","target":["https:\/\/careerreadylancaster.com\/work-based-learning-resources\/"]}]},{"@type":"ImageObject","inLanguage":"es","@id":"https:\/\/careerreadylancaster.com\/work-based-learning-resources\/#primaryimage","url":"https:\/\/careerreadylancaster.com\/wp-content\/uploads\/2021\/09\/logo-with-wordmark@4x-1.png","contentUrl":"https:\/\/careerreadylancaster.com\/wp-content\/uploads\/2021\/09\/logo-with-wordmark@4x-1.png"},{"@type":"BreadcrumbList","@id":"https:\/\/careerreadylancaster.com\/work-based-learning-resources\/#breadcrumb","itemListElement":[{"@type":"ListItem","position":1,"name":"Home","item":"https:\/\/careerreadylancaster.com\/"},{"@type":"ListItem","position":2,"name":"Work-Based Learning Resources"}]},{"@type":"WebSite","@id":"https:\/\/careerreadylancaster.com\/#website","url":"https:\/\/careerreadylancaster.com\/","name":"Listo para la carrera Lancaster!","description":"","publisher":{"@id":"https:\/\/careerreadylancaster.com\/#organization"},"potentialAction":[{"@type":"SearchAction","target":{"@type":"EntryPoint","urlTemplate":"https:\/\/careerreadylancaster.com\/?s={search_term_string}"},"query-input":{"@type":"PropertyValueSpecification","valueRequired":true,"valueName":"search_term_string"}}],"inLanguage":"es"},{"@type":"Organization","@id":"https:\/\/careerreadylancaster.com\/#organization","name":"Listo para la carrera Lancaster!","url":"https:\/\/careerreadylancaster.com\/","logo":{"@type":"ImageObject","inLanguage":"es","@id":"https:\/\/careerreadylancaster.com\/#\/schema\/logo\/image\/","url":"https:\/\/careerreadylancaster.com\/wp-content\/uploads\/2021\/08\/crl.png","contentUrl":"https:\/\/careerreadylancaster.com\/wp-content\/uploads\/2021\/08\/crl.png","width":1200,"height":630,"caption":"Career Ready Lancaster!"},"image":{"@id":"https:\/\/careerreadylancaster.com\/#\/schema\/logo\/image\/"}}]}},"_links":{"self":[{"href":"https:\/\/careerreadylancaster.com\/es\/wp-json\/wp\/v2\/pages\/2903","targetHints":{"allow":["GET"]}}],"collection":[{"href":"https:\/\/careerreadylancaster.com\/es\/wp-json\/wp\/v2\/pages"}],"about":[{"href":"https:\/\/careerreadylancaster.com\/es\/wp-json\/wp\/v2\/types\/page"}],"author":[{"embeddable":true,"href":"https:\/\/careerreadylancaster.com\/es\/wp-json\/wp\/v2\/users\/11"}],"replies":[{"embeddable":true,"href":"https:\/\/careerreadylancaster.com\/es\/wp-json\/wp\/v2\/comments?post=2903"}],"version-history":[{"count":29,"href":"https:\/\/careerreadylancaster.com\/es\/wp-json\/wp\/v2\/pages\/2903\/revisions"}],"predecessor-version":[{"id":3187,"href":"https:\/\/careerreadylancaster.com\/es\/wp-json\/wp\/v2\/pages\/2903\/revisions\/3187"}],"wp:attachment":[{"href":"https:\/\/careerreadylancaster.com\/es\/wp-json\/wp\/v2\/media?parent=2903"}],"curies":[{"name":"wp","href":"https:\/\/api.w.org\/{rel}","templated":true}]}}