{"id":1940,"date":"2021-07-13T18:08:07","date_gmt":"2021-07-13T18:08:07","guid":{"rendered":"https:\/\/careerreadylancaster.com\/?page_id=1940"},"modified":"2021-08-03T09:50:45","modified_gmt":"2021-08-03T13:50:45","slug":"reskilling-upskilling","status":"publish","type":"page","link":"https:\/\/careerreadylancaster.com\/es\/career-directions\/reskilling-upskilling\/","title":{"rendered":"Recualificaci\u00f3n \/ Upskilling"},"content":{"rendered":"<div class=\"gb-container gb-container-e12a7337 alignfull\"><div class=\"gb-inside-container\">\n<div class=\"gb-grid-wrapper gb-grid-wrapper-91b00b38\">\n<div class=\"gb-grid-column gb-grid-column-285c4429\"><div class=\"gb-container gb-container-285c4429\"><div class=\"gb-inside-container\">\n\n<h3 class=\"gb-headline gb-headline-b15f6f17 gb-headline-text\">Direcciones de carrera<\/h3>\n\n\n\n<h1 class=\"gb-headline gb-headline-8ca7395a gb-headline-text\"><strong>Recualificaci\u00f3n \/ Upskilling<\/strong><\/h1>\n\n\n\n<h3 class=\"gb-headline gb-headline-e88335b7 gb-headline-text\">\u00bfEst\u00e1s buscando oportunidades de desarrollo profesional? \u00bfEst\u00e1 buscando cambiar de trabajo o est\u00e1 interesado en un puesto diferente dentro de la empresa para la que trabaja actualmente? Es importante reconocer que muchas empresas invierten en capacitaci\u00f3n. Ya sea que aprenda nuevas habilidades (mejora de las habilidades) en su trabajo actual o que aprenda nuevas habilidades para hacer un trabajo diferente (rehabilitaci\u00f3n), las oportunidades de capacitaci\u00f3n pueden existir justo donde se encuentra. Si no existen oportunidades de capacitaci\u00f3n, esta es un \u00e1rea que desea explorar si decide buscar un nuevo trabajo con m\u00e1s opciones de capacitaci\u00f3n. &nbsp; &nbsp;<\/h3>\n\n<\/div><\/div><\/div>\n<\/div>\n<\/div><div class=\"gb-shapes\"><div class=\"gb-shape gb-shape-1\"><svg xmlns=\"http:\/\/www.w3.org\/2000\/svg\" viewbox=\"0 0 1200 194.3\" preserveaspectratio=\"none\"><path d=\"M1200 133.3l-50 8.9c-50 8.6-150 26.9-250 31.1-100 4.2-200-4.2-300-26.7S400 89.2 300 62.2C200 35.8 100 17.5 50 8.9L0 0v194.3h1200v-61z\"\/><\/svg><\/div><\/div><\/div>\n\n<div class=\"gb-container gb-container-7cc5a522\"><div class=\"gb-inside-container\">\n\n<h3 class=\"gb-headline gb-headline-cad8aa7a\"><span class=\"gb-icon\"><svg stroke-linejoin=\"round\" stroke-linecap=\"round\" fill=\"none\" stroke=\"#000000\" stroke-width=\"1.5\" viewbox=\"0 0 24 24\" height=\"44\" width=\"44\" class=\"icon icon-tabler icon-tabler-coin\" xmlns=\"http:\/\/www.w3.org\/2000\/svg\">   <path fill=\"none\" d=\"M0 0h24v24H0z\" stroke=\"none\"><\/path>   <circle r=\"9\" cy=\"12\" cx=\"12\"><\/circle>   <path d=\"M14.8 9a2 2 0 0 0 -1.8 -1h-2a2 2 0 0 0 0 4h2a2 2 0 0 1 0 4h-2a2 2 0 0 1 -1.8 -1\"><\/path>   <path d=\"M12 6v2m0 8v2\"><\/path> <\/svg><\/span><span class=\"gb-headline-text\">Compromiso financiero<\/span><\/h3>\n\n\n\n<p class=\"gb-headline gb-headline-bd740d0c gb-headline-text\">Muchas empresas invierten en capacitar a sus empleados, en particular a los empleados que expresan inter\u00e9s en aprender. El empleador suele absorber el costo de las nuevas habilidades, o el empleador subsidia el costo de la capacitaci\u00f3n. Por ejemplo, su empleador puede ofrecer una cantidad espec\u00edfica en d\u00f3lares para cursos relacionados con su trabajo o intereses. Tambi\u00e9n pueden darle tiempo fuera del trabajo para buscar oportunidades de capacitaci\u00f3n. \u201cNo lo sabes hasta que preguntas\u201d. \u00bfHa le\u00eddo su manual de empleados \u00faltimamente o ha hablado con su supervisor sobre su deseo de aprender nuevas habilidades? Es posible que se sorprenda de lo que est\u00e1 disponible una vez que colabore con su empleador <strong>alrededor<\/strong> objetivos de entrenamiento.<\/p>\n\n<\/div><\/div>\n\n<div class=\"gb-container gb-container-caa7962c\"><div class=\"gb-inside-container\">\n\n<h3 class=\"gb-headline gb-headline-e97a03ff\"><span class=\"gb-icon\"><svg stroke-linejoin=\"round\" stroke-linecap=\"round\" fill=\"none\" stroke=\"#000000\" stroke-width=\"1.5\" viewbox=\"0 0 24 24\" height=\"44\" width=\"44\" class=\"icon icon-tabler icon-tabler-clock\" xmlns=\"http:\/\/www.w3.org\/2000\/svg\">   <path fill=\"none\" d=\"M0 0h24v24H0z\" stroke=\"none\"><\/path>   <circle r=\"9\" cy=\"12\" cx=\"12\"><\/circle>   <polyline points=\"12 7 12 12 15 15\"><\/polyline> <\/svg><\/span><span class=\"gb-headline-text\">Compromiso de tiempo<\/span><\/h3>\n\n\n\n<p class=\"gb-headline gb-headline-d2060fdd gb-headline-text\">El aprendizaje de nuevas habilidades puede ocurrir en el trabajo (capacitaci\u00f3n en el trabajo) o en su propio tiempo. Lo importante es hablar con su empleador acerca de sus objetivos de capacitaci\u00f3n y juntos crear un plan que implique un compromiso mutuo para volver a capacitarse o mejorar sus habilidades. El tiempo de entrenamiento puede variar desde un par de horas a la semana hasta un par de d\u00edas. Recuerde que si est\u00e1 aprendiendo en el trabajo u ofreci\u00e9ndole oportunidades de capacitaci\u00f3n, su empleador est\u00e1 invirtiendo en su futuro.<\/p>\n\n<\/div><\/div>\n\n<div class=\"gb-container gb-container-c6a435c1\"><div class=\"gb-inside-container\">\n\n<h3 class=\"gb-headline gb-headline-0b810cd6\"><span class=\"gb-icon\"><svg stroke-linejoin=\"round\" stroke-linecap=\"round\" fill=\"none\" stroke=\"#000000\" stroke-width=\"1.5\" viewbox=\"0 0 24 24\" height=\"44\" width=\"44\" class=\"icon icon-tabler icon-tabler-home\" xmlns=\"http:\/\/www.w3.org\/2000\/svg\">   <path fill=\"none\" d=\"M0 0h24v24H0z\" stroke=\"none\"><\/path>   <polyline points=\"5 12 3 12 12 3 21 12 19 12\"><\/polyline>   <path d=\"M5 12v7a2 2 0 0 0 2 2h10a2 2 0 0 0 2 -2v-7\"><\/path>   <path d=\"M9 21v-6a2 2 0 0 1 2 -2h2a2 2 0 0 1 2 2v6\"><\/path> <\/svg><\/span><span class=\"gb-headline-text\">Alojamiento<\/span><\/h3>\n\n\n\n<p class=\"gb-headline gb-headline-c8c651ed gb-headline-text\">El reciclaje o la mejora de las habilidades, fuera de la universidad tradicional, no incluye los arreglos de vivienda. Esto significa que el costo de vida no ser\u00e1 mayor de lo que ya est\u00e1 pagando por vivir en alg\u00fan lugar.&nbsp;<\/p>\n\n<\/div><\/div>\n\n<div class=\"gb-container gb-container-664f9b6f\"><div class=\"gb-inside-container\">\n\n<h3 class=\"gb-headline gb-headline-8a0a29f6\"><span class=\"gb-icon\"><svg stroke-linejoin=\"round\" stroke-linecap=\"round\" fill=\"none\" stroke=\"#000000\" stroke-width=\"1.5\" viewbox=\"0 0 24 24\" height=\"44\" width=\"44\" class=\"icon icon-tabler icon-tabler-school\" xmlns=\"http:\/\/www.w3.org\/2000\/svg\">   <path fill=\"none\" d=\"M0 0h24v24H0z\" stroke=\"none\"><\/path>   <path d=\"M22 9l-10 -4l-10 4l10 4l10 -4v6\"><\/path>   <path d=\"M6 10.6v5.4a6 3 0 0 0 12 0v-5.4\"><\/path> <\/svg><\/span><span class=\"gb-headline-text\">Educaci\u00f3n requerida<\/span><\/h3>\n\n\n\n<p class=\"gb-headline gb-headline-2fe64f68 gb-headline-text\">Las empresas invierten en empleados que han demostrado que son una buena inversi\u00f3n: empleados que demuestran las cinco habilidades principales. ( Enlace). Los empleadores pueden invertir en ayudarlo a obtener un diploma de escuela secundaria si eso es una barrera para que avance en sus habilidades, o un t\u00edtulo universitario si es un requisito para un puesto gerencial.&nbsp;<\/p>\n\n<\/div><\/div>\n\n<div class=\"gb-container gb-container-b6300fe6\"><div class=\"gb-inside-container\">\n\n<h3 class=\"gb-headline gb-headline-b40ddcd5\"><span class=\"gb-icon\"><svg stroke-linejoin=\"round\" stroke-linecap=\"round\" fill=\"none\" stroke=\"#000000\" stroke-width=\"1.5\" viewbox=\"0 0 24 24\" height=\"44\" width=\"44\" class=\"icon icon-tabler icon-tabler-device-desktop-analytics\" xmlns=\"http:\/\/www.w3.org\/2000\/svg\">   <path fill=\"none\" d=\"M0 0h24v24H0z\" stroke=\"none\"><\/path>   <rect rx=\"1\" height=\"12\" width=\"18\" y=\"4\" x=\"3\"><\/rect>   <path d=\"M7 20h10\"><\/path>   <path d=\"M9 16v4\"><\/path>   <path d=\"M15 16v4\"><\/path>   <path d=\"M9 12v-4\"><\/path>   <path d=\"M12 12v-1\"><\/path>   <path d=\"M15 12v-2\"><\/path>   <path d=\"M12 12v-1\"><\/path> <\/svg><\/span><span class=\"gb-headline-text\">Oportunidades profesionales<\/span><\/h3>\n\n\n\n<p class=\"gb-headline gb-headline-e3074f38 gb-headline-text\">El aprendizaje permanente es una necesidad, especialmente en el mundo o el trabajo acelerado e impulsado por la tecnolog\u00eda de hoy. Requerir\u00e1 compromiso para continuar avanzando en su campo. Su compromiso de aprender nuevas habilidades, junto con el compromiso de su empleador de brindarle oportunidades de mejora o actualizaci\u00f3n de sus habilidades, ayudar\u00e1 a garantizar que sea un empleado valioso durante muchos a\u00f1os.<\/p>\n\n<\/div><\/div>\n\n<div class=\"gb-container gb-container-46ffa125\"><div class=\"gb-inside-container\">\n\n<h3 class=\"gb-headline gb-headline-6e7605dd\"><span class=\"gb-icon\"><svg aria-hidden=\"true\" role=\"img\" height=\"1em\" width=\"1em\" viewbox=\"0 0 448 512\" xmlns=\"http:\/\/www.w3.org\/2000\/svg\"><path fill=\"currentColor\" d=\"M323.56 51.2c-20.8 19.3-39.58 39.59-56.22 59.97C240.08 73.62 206.28 35.53 168 0 69.74 91.17 0 209.96 0 281.6 0 408.85 100.29 512 224 512s224-103.15 224-230.4c0-53.27-51.98-163.14-124.44-230.4zm-19.47 340.65C282.43 407.01 255.72 416 226.86 416 154.71 416 96 368.26 96 290.75c0-38.61 24.31-72.63 72.79-130.75 6.93 7.98 98.83 125.34 98.83 125.34l58.63-66.88c4.14 6.85 7.91 13.55 11.27 19.97 27.35 52.19 15.81 118.97-33.43 153.42z\"><\/path><\/svg><\/span><span class=\"gb-headline-text\">Informaci\u00f3n relacionada<\/span><\/h3>\n\n\n<div class=\"gb-button-wrapper gb-button-wrapper-fe0bdf91\">\n\n<a class=\"gb-button gb-button-81dde00d gb-button-text\" href=\"https:\/\/www.lancastercountywib.com\/workforce-solutions\/skill-up-lancaster\" target=\"_blank\" rel=\"nofollow noopener noreferrer\">SkillUp Lancaster<\/a>\n\n\n\n<a class=\"gb-button gb-button-8957cdfc gb-button-text\" href=\"https:\/\/www.jobs4lancaster.com\/\" target=\"_blank\" rel=\"nofollow noopener noreferrer\">PA CareerLink<\/a>\n\n\n\n<a class=\"gb-button gb-button-219c0bde gb-button-text\" href=\"http:\/\/teccentro.sacapa.org\/\" target=\"_blank\" rel=\"nofollow noopener noreferrer\">Tec Centro<\/a>\n\n<\/div>\n<\/div><\/div>","protected":false},"excerpt":{"rendered":"<p>Compromiso financiero Muchas empresas invierten en capacitar a sus empleados, en particular a los empleados que expresan inter\u00e9s en aprender. El empleador suele absorber el costo de las nuevas habilidades, o el empleador subsidia el costo de la capacitaci\u00f3n. Por ejemplo, su empleador puede ofrecer una cantidad espec\u00edfica en d\u00f3lares para cursos relacionados con su trabajo o... <\/p>\n<p class=\"read-more-container\"><a title=\"Recualificaci\u00f3n \/ Upskilling\" class=\"read-more button\" href=\"https:\/\/careerreadylancaster.com\/es\/career-directions\/reskilling-upskilling\/#more-1940\" aria-label=\"M\u00e1s sobre Recualificaci\u00f3n \/ Upskilling\">Lee mas<\/a><\/p>","protected":false},"author":4,"featured_media":2132,"parent":1465,"menu_order":0,"comment_status":"closed","ping_status":"closed","template":"","meta":{"_acf_changed":false,"inline_featured_image":false,"_monsterinsights_skip_tracking":false,"_monsterinsights_sitenote_active":false,"_monsterinsights_sitenote_note":"","_monsterinsights_sitenote_category":0,"footnotes":""},"class_list":["post-1940","page","type-page","status-publish","has-post-thumbnail","no-featured-image-padding"],"acf":[],"yoast_head":"<!-- This site is optimized with the Yoast SEO plugin v27.5 - https:\/\/yoast.com\/product\/yoast-seo-wordpress\/ -->\n<title>Reskilling \/ Upskilling - Career Ready Lancaster!<\/title>\n<meta name=\"robots\" content=\"index, follow, max-snippet:-1, max-image-preview:large, max-video-preview:-1\" \/>\n<link rel=\"canonical\" href=\"https:\/\/careerreadylancaster.com\/es\/career-directions\/reskilling-upskilling\/\" \/>\n<meta property=\"og:locale\" content=\"es_ES\" \/>\n<meta property=\"og:type\" content=\"article\" \/>\n<meta property=\"og:title\" content=\"Reskilling \/ Upskilling - Career Ready Lancaster!\" \/>\n<meta property=\"og:description\" content=\"Financial commitment Many companies invest in training their employees, particularly employees who express an interest in learning.&nbsp; The cost of new skills is often absorbed by the employer, or the cost of training is subsidized by the employer.&nbsp; For instance, your employer may offer a specific dollar amount toward coursework related to your job or ... Read more\" \/>\n<meta property=\"og:url\" content=\"https:\/\/careerreadylancaster.com\/es\/career-directions\/reskilling-upskilling\/\" \/>\n<meta property=\"og:site_name\" content=\"Career Ready Lancaster!\" \/>\n<meta property=\"article:modified_time\" content=\"2021-08-03T13:50:45+00:00\" \/>\n<meta property=\"og:image\" content=\"https:\/\/careerreadylancaster.com\/wp-content\/uploads\/2021\/07\/reskilling.jpg\" \/>\n\t<meta property=\"og:image:width\" content=\"2000\" \/>\n\t<meta property=\"og:image:height\" content=\"900\" \/>\n\t<meta property=\"og:image:type\" content=\"image\/jpeg\" \/>\n<meta name=\"twitter:card\" content=\"summary_large_image\" \/>\n<meta name=\"twitter:label1\" content=\"Est. reading time\" \/>\n\t<meta name=\"twitter:data1\" content=\"2 minutos\" \/>\n<script type=\"application\/ld+json\" class=\"yoast-schema-graph\">{\"@context\":\"https:\\\/\\\/schema.org\",\"@graph\":[{\"@type\":\"WebPage\",\"@id\":\"https:\\\/\\\/careerreadylancaster.com\\\/career-directions\\\/reskilling-upskilling\\\/\",\"url\":\"https:\\\/\\\/careerreadylancaster.com\\\/career-directions\\\/reskilling-upskilling\\\/\",\"name\":\"Reskilling \\\/ Upskilling - Career Ready Lancaster!\",\"isPartOf\":{\"@id\":\"https:\\\/\\\/careerreadylancaster.com\\\/#website\"},\"primaryImageOfPage\":{\"@id\":\"https:\\\/\\\/careerreadylancaster.com\\\/career-directions\\\/reskilling-upskilling\\\/#primaryimage\"},\"image\":{\"@id\":\"https:\\\/\\\/careerreadylancaster.com\\\/career-directions\\\/reskilling-upskilling\\\/#primaryimage\"},\"thumbnailUrl\":\"https:\\\/\\\/careerreadylancaster.com\\\/wp-content\\\/uploads\\\/2021\\\/07\\\/reskilling.jpg\",\"datePublished\":\"2021-07-13T18:08:07+00:00\",\"dateModified\":\"2021-08-03T13:50:45+00:00\",\"breadcrumb\":{\"@id\":\"https:\\\/\\\/careerreadylancaster.com\\\/career-directions\\\/reskilling-upskilling\\\/#breadcrumb\"},\"inLanguage\":\"es\",\"potentialAction\":[{\"@type\":\"ReadAction\",\"target\":[\"https:\\\/\\\/careerreadylancaster.com\\\/career-directions\\\/reskilling-upskilling\\\/\"]}]},{\"@type\":\"ImageObject\",\"inLanguage\":\"es\",\"@id\":\"https:\\\/\\\/careerreadylancaster.com\\\/career-directions\\\/reskilling-upskilling\\\/#primaryimage\",\"url\":\"https:\\\/\\\/careerreadylancaster.com\\\/wp-content\\\/uploads\\\/2021\\\/07\\\/reskilling.jpg\",\"contentUrl\":\"https:\\\/\\\/careerreadylancaster.com\\\/wp-content\\\/uploads\\\/2021\\\/07\\\/reskilling.jpg\",\"width\":2000,\"height\":900},{\"@type\":\"BreadcrumbList\",\"@id\":\"https:\\\/\\\/careerreadylancaster.com\\\/career-directions\\\/reskilling-upskilling\\\/#breadcrumb\",\"itemListElement\":[{\"@type\":\"ListItem\",\"position\":1,\"name\":\"Home\",\"item\":\"https:\\\/\\\/careerreadylancaster.com\\\/\"},{\"@type\":\"ListItem\",\"position\":2,\"name\":\"Career Directions\",\"item\":\"https:\\\/\\\/careerreadylancaster.com\\\/career-directions\\\/\"},{\"@type\":\"ListItem\",\"position\":3,\"name\":\"Reskilling \\\/ Upskilling\"}]},{\"@type\":\"WebSite\",\"@id\":\"https:\\\/\\\/careerreadylancaster.com\\\/#website\",\"url\":\"https:\\\/\\\/careerreadylancaster.com\\\/\",\"name\":\"Career Ready Lancaster!\",\"description\":\"\",\"publisher\":{\"@id\":\"https:\\\/\\\/careerreadylancaster.com\\\/#organization\"},\"potentialAction\":[{\"@type\":\"SearchAction\",\"target\":{\"@type\":\"EntryPoint\",\"urlTemplate\":\"https:\\\/\\\/careerreadylancaster.com\\\/?s={search_term_string}\"},\"query-input\":{\"@type\":\"PropertyValueSpecification\",\"valueRequired\":true,\"valueName\":\"search_term_string\"}}],\"inLanguage\":\"es\"},{\"@type\":\"Organization\",\"@id\":\"https:\\\/\\\/careerreadylancaster.com\\\/#organization\",\"name\":\"Career Ready Lancaster!\",\"url\":\"https:\\\/\\\/careerreadylancaster.com\\\/\",\"logo\":{\"@type\":\"ImageObject\",\"inLanguage\":\"es\",\"@id\":\"https:\\\/\\\/careerreadylancaster.com\\\/#\\\/schema\\\/logo\\\/image\\\/\",\"url\":\"https:\\\/\\\/careerreadylancaster.com\\\/wp-content\\\/uploads\\\/2021\\\/08\\\/crl.png\",\"contentUrl\":\"https:\\\/\\\/careerreadylancaster.com\\\/wp-content\\\/uploads\\\/2021\\\/08\\\/crl.png\",\"width\":1200,\"height\":630,\"caption\":\"Career Ready Lancaster!\"},\"image\":{\"@id\":\"https:\\\/\\\/careerreadylancaster.com\\\/#\\\/schema\\\/logo\\\/image\\\/\"}}]}<\/script>\n<!-- \/ Yoast SEO plugin. -->","yoast_head_json":{"title":"Reskilling \/ Upskilling - Career Ready Lancaster!","robots":{"index":"index","follow":"follow","max-snippet":"max-snippet:-1","max-image-preview":"max-image-preview:large","max-video-preview":"max-video-preview:-1"},"canonical":"https:\/\/careerreadylancaster.com\/es\/career-directions\/reskilling-upskilling\/","og_locale":"es_ES","og_type":"article","og_title":"Reskilling \/ Upskilling - Career Ready Lancaster!","og_description":"Financial commitment Many companies invest in training their employees, particularly employees who express an interest in learning.&nbsp; The cost of new skills is often absorbed by the employer, or the cost of training is subsidized by the employer.&nbsp; For instance, your employer may offer a specific dollar amount toward coursework related to your job or ... Read more","og_url":"https:\/\/careerreadylancaster.com\/es\/career-directions\/reskilling-upskilling\/","og_site_name":"Career Ready Lancaster!","article_modified_time":"2021-08-03T13:50:45+00:00","og_image":[{"width":2000,"height":900,"url":"https:\/\/careerreadylancaster.com\/wp-content\/uploads\/2021\/07\/reskilling.jpg","type":"image\/jpeg"}],"twitter_card":"summary_large_image","twitter_misc":{"Est. reading time":"2 minutos"},"schema":{"@context":"https:\/\/schema.org","@graph":[{"@type":"WebPage","@id":"https:\/\/careerreadylancaster.com\/career-directions\/reskilling-upskilling\/","url":"https:\/\/careerreadylancaster.com\/career-directions\/reskilling-upskilling\/","name":"Reskilling \/ Upskilling - Career Ready Lancaster!","isPartOf":{"@id":"https:\/\/careerreadylancaster.com\/#website"},"primaryImageOfPage":{"@id":"https:\/\/careerreadylancaster.com\/career-directions\/reskilling-upskilling\/#primaryimage"},"image":{"@id":"https:\/\/careerreadylancaster.com\/career-directions\/reskilling-upskilling\/#primaryimage"},"thumbnailUrl":"https:\/\/careerreadylancaster.com\/wp-content\/uploads\/2021\/07\/reskilling.jpg","datePublished":"2021-07-13T18:08:07+00:00","dateModified":"2021-08-03T13:50:45+00:00","breadcrumb":{"@id":"https:\/\/careerreadylancaster.com\/career-directions\/reskilling-upskilling\/#breadcrumb"},"inLanguage":"es","potentialAction":[{"@type":"ReadAction","target":["https:\/\/careerreadylancaster.com\/career-directions\/reskilling-upskilling\/"]}]},{"@type":"ImageObject","inLanguage":"es","@id":"https:\/\/careerreadylancaster.com\/career-directions\/reskilling-upskilling\/#primaryimage","url":"https:\/\/careerreadylancaster.com\/wp-content\/uploads\/2021\/07\/reskilling.jpg","contentUrl":"https:\/\/careerreadylancaster.com\/wp-content\/uploads\/2021\/07\/reskilling.jpg","width":2000,"height":900},{"@type":"BreadcrumbList","@id":"https:\/\/careerreadylancaster.com\/career-directions\/reskilling-upskilling\/#breadcrumb","itemListElement":[{"@type":"ListItem","position":1,"name":"Home","item":"https:\/\/careerreadylancaster.com\/"},{"@type":"ListItem","position":2,"name":"Career Directions","item":"https:\/\/careerreadylancaster.com\/career-directions\/"},{"@type":"ListItem","position":3,"name":"Reskilling \/ Upskilling"}]},{"@type":"WebSite","@id":"https:\/\/careerreadylancaster.com\/#website","url":"https:\/\/careerreadylancaster.com\/","name":"Listo para la carrera Lancaster!","description":"","publisher":{"@id":"https:\/\/careerreadylancaster.com\/#organization"},"potentialAction":[{"@type":"SearchAction","target":{"@type":"EntryPoint","urlTemplate":"https:\/\/careerreadylancaster.com\/?s={search_term_string}"},"query-input":{"@type":"PropertyValueSpecification","valueRequired":true,"valueName":"search_term_string"}}],"inLanguage":"es"},{"@type":"Organization","@id":"https:\/\/careerreadylancaster.com\/#organization","name":"Listo para la carrera Lancaster!","url":"https:\/\/careerreadylancaster.com\/","logo":{"@type":"ImageObject","inLanguage":"es","@id":"https:\/\/careerreadylancaster.com\/#\/schema\/logo\/image\/","url":"https:\/\/careerreadylancaster.com\/wp-content\/uploads\/2021\/08\/crl.png","contentUrl":"https:\/\/careerreadylancaster.com\/wp-content\/uploads\/2021\/08\/crl.png","width":1200,"height":630,"caption":"Career Ready Lancaster!"},"image":{"@id":"https:\/\/careerreadylancaster.com\/#\/schema\/logo\/image\/"}}]}},"_links":{"self":[{"href":"https:\/\/careerreadylancaster.com\/es\/wp-json\/wp\/v2\/pages\/1940","targetHints":{"allow":["GET"]}}],"collection":[{"href":"https:\/\/careerreadylancaster.com\/es\/wp-json\/wp\/v2\/pages"}],"about":[{"href":"https:\/\/careerreadylancaster.com\/es\/wp-json\/wp\/v2\/types\/page"}],"author":[{"embeddable":true,"href":"https:\/\/careerreadylancaster.com\/es\/wp-json\/wp\/v2\/users\/4"}],"replies":[{"embeddable":true,"href":"https:\/\/careerreadylancaster.com\/es\/wp-json\/wp\/v2\/comments?post=1940"}],"version-history":[{"count":12,"href":"https:\/\/careerreadylancaster.com\/es\/wp-json\/wp\/v2\/pages\/1940\/revisions"}],"predecessor-version":[{"id":2638,"href":"https:\/\/careerreadylancaster.com\/es\/wp-json\/wp\/v2\/pages\/1940\/revisions\/2638"}],"up":[{"embeddable":true,"href":"https:\/\/careerreadylancaster.com\/es\/wp-json\/wp\/v2\/pages\/1465"}],"wp:featuredmedia":[{"embeddable":true,"href":"https:\/\/careerreadylancaster.com\/es\/wp-json\/wp\/v2\/media\/2132"}],"wp:attachment":[{"href":"https:\/\/careerreadylancaster.com\/es\/wp-json\/wp\/v2\/media?parent=1940"}],"curies":[{"name":"wp","href":"https:\/\/api.w.org\/{rel}","templated":true}]}}