{"id":1483,"date":"2021-06-21T16:28:12","date_gmt":"2021-06-21T16:28:12","guid":{"rendered":"https:\/\/careerreadylancaster.com\/?page_id=1483"},"modified":"2025-03-20T16:02:33","modified_gmt":"2025-03-20T20:02:33","slug":"for-businesses","status":"publish","type":"page","link":"https:\/\/careerreadylancaster.com\/es\/for-businesses\/","title":{"rendered":"Por negocios"},"content":{"rendered":"<div class=\"gb-container gb-container-972a9a18 alignfull\"><div class=\"gb-inside-container\">\n\n<p class=\"gb-headline gb-headline-c1723048 gb-headline-text\">\u00a1Te necesitamos! Su negocio es una parte esencial del panorama econ\u00f3mico del condado de Lancaster. Listo para la carrera Lancaster! naci\u00f3 del deseo de conectar a los buscadores de empleo con sus oportunidades. M\u00e1s que empleo, los trabajadores buscan la estabilidad de oportunidades profesionales a largo plazo en nuestra incre\u00edble comunidad empresarial.<\/p>\n\n\n\n<div data-wp-interactive=\"core\/file\" class=\"wp-block-file\"><object data-wp-bind--hidden=\"!state.hasPdfPreview\" hidden class=\"wp-block-file__embed\" data=\"https:\/\/careerreadylancaster.com\/wp-content\/uploads\/2024\/05\/Levels-of-Engagement-CRL-2.pdf\" type=\"application\/pdf\" style=\"width:100%;height:600px\" aria-label=\"Embed of Levels-of-Engagement-CRL-2.\"><\/object><a id=\"wp-block-file--media-21ce909f-2ed0-4420-87e0-1b3fa7131883\" href=\"https:\/\/careerreadylancaster.com\/wp-content\/uploads\/2024\/05\/Levels-of-Engagement-CRL-2.pdf\">Levels-of-Engagement-CRL-2<\/a><a href=\"https:\/\/careerreadylancaster.com\/wp-content\/uploads\/2024\/05\/Levels-of-Engagement-CRL-2.pdf\" class=\"wp-block-file__button wp-element-button\" download aria-describedby=\"wp-block-file--media-21ce909f-2ed0-4420-87e0-1b3fa7131883\">Descargar<\/a><\/div>\n\n\n\n<h2 class=\"gb-headline gb-headline-6a50405f gb-headline-text\">Nos asociamos con empresas locales de las siguientes maneras:<\/h2>\n\n\n<div class=\"gb-container gb-container-22e82811\"><div class=\"gb-inside-container\">\n\n<p class=\"gb-headline gb-headline-451b3d00 gb-headline-text\"><strong>Les informamos a las empresas c\u00f3mo asociarse con las escuelas:<\/strong> Nuestras escuelas brindan oportunidades de educaci\u00f3n profesional y les encanta tener negocios que puedan asociarse para ayudar a conectar a los estudiantes con carreras.<\/p>\n\n\n\n<p class=\"gb-headline gb-headline-6b23474b gb-headline-text\"><strong>Promovemos <a href=\"https:\/\/careerreadylancaster.com\/es\/career-exploration\/high-five\/\" data-type=\"page\" data-id=\"1463\">el alto 5 <\/a><\/strong>en las escuelas de la ciudad y el condado de Lancaster. El plan de estudios High 5 equipa a sus futuros empleados con las habilidades blandas necesarias para cualquier carrera. Tambi\u00e9n alentamos a nuestros socios comerciales a adoptar el lenguaje High 5. Al usar High 5 en nuestras escuelas y negocios, nuestra comunidad establecer\u00e1 un entendimiento com\u00fan sobre lo que significa prosperar en Lancaster.<\/p>\n\n\n\n<p class=\"gb-headline gb-headline-ab9727ab gb-headline-text\"><strong>Nuestro objetivo es inspirar<\/strong> asociaciones comerciales y educativas, presentando a los estudiantes su industria o negocio a trav\u00e9s de enfoques creativos y compartidos. Estos incluyen: conocimiento y preparaci\u00f3n profesional, adquisici\u00f3n de carrera (conseguir un trabajo), retenci\u00f3n y avance profesional y esp\u00edritu empresarial. \u00a1Trabajando junto con nuestros socios, mostramos a los estudiantes posibilidades profesionales que ni siquiera sab\u00edan que exist\u00edan! <a rel=\"noreferrer noopener\" href=\"https:\/\/www.education.pa.gov\/K-12\/CareerReadyPA\/Pages\/default.aspx\" data-type=\"URL\" data-id=\"https:\/\/www.education.pa.gov\/K-12\/CareerReadyPA\/Pages\/default.aspx\" target=\"_blank\"><strong>Preparado para una carrera en Pensilvania<\/strong><\/a><\/p>\n\n\n\n<p class=\"gb-headline gb-headline-1e54a3f4 gb-headline-text\"><strong>Celebramos pr\u00e1cticas prometedoras <\/strong>mediante la promoci\u00f3n de estrategias que construyen una fuente s\u00f3lida de talento. Si tienes una idea, \u00a1hag\u00e1mosla realidad!<\/p>\n\n\n\n<p class=\"gb-headline gb-headline-2c1c48e7 gb-headline-text\"><strong>Inspiramos alianzas<\/strong> entre empresas y estudiantes con <a href=\"https:\/\/www.inspirelancaster.org\/\" target=\"_blank\" rel=\"noreferrer noopener\">Inspirar a Lancaster.<\/a><\/p>\n\n\n\n<p class=\"gb-headline gb-headline-2338a1a7 gb-headline-text\"><strong>Facilitamos las conexiones<\/strong> entre el personal de la escuela y las empresas, para que su empresa nunca tenga que preguntarse a qui\u00e9n llamar para promover ferias de trabajo, oportunidades laborales, invitaciones de seguimiento, pasant\u00edas, aprendizaje o orientaci\u00f3n profesional. <strong><a data-type=\"page\" data-id=\"1967\" href=\"https:\/\/careerreadylancaster.com\/es\/school-contact-information\/\">Ver directorio<\/a><\/strong><\/p>\n\n<\/div><\/div>\n<\/div><\/div>\n\n<div class=\"gb-container gb-container-a268dc78 alignfull\"><div class=\"gb-inside-container\">\n<div class=\"gb-grid-wrapper gb-grid-wrapper-13c62189\">\n<div class=\"gb-grid-column gb-grid-column-f0ab98c3\"><div class=\"gb-container gb-container-f0ab98c3 is-sequenced has-rounded-corners\"><div class=\"gb-inside-container\">\n\n<figure class=\"wp-block-image size-large\"><img decoding=\"async\" width=\"1024\" height=\"661\" data-src=\"https:\/\/careerreadylancaster.com\/wp-content\/uploads\/2021\/07\/school-contact-1024x661.jpg\" alt=\"\" class=\"wp-image-2300 lazyload\" data-srcset=\"https:\/\/careerreadylancaster.com\/wp-content\/uploads\/2021\/07\/school-contact-1024x661.jpg 1024w, https:\/\/careerreadylancaster.com\/wp-content\/uploads\/2021\/07\/school-contact-300x194.jpg 300w, https:\/\/careerreadylancaster.com\/wp-content\/uploads\/2021\/07\/school-contact-768x496.jpg 768w, https:\/\/careerreadylancaster.com\/wp-content\/uploads\/2021\/07\/school-contact.jpg 1516w\" data-sizes=\"(max-width: 1024px) 100vw, 1024px\" src=\"data:image\/svg+xml;base64,PHN2ZyB3aWR0aD0iMSIgaGVpZ2h0PSIxIiB4bWxucz0iaHR0cDovL3d3dy53My5vcmcvMjAwMC9zdmciPjwvc3ZnPg==\" style=\"--smush-placeholder-width: 1024px; --smush-placeholder-aspect-ratio: 1024\/661;\" \/><\/figure>\n\n<\/div><\/div><\/div>\n\n<div class=\"gb-grid-column gb-grid-column-db80cc29\"><div class=\"gb-container gb-container-db80cc29\"><div class=\"gb-inside-container\">\n\n<h2 class=\"gb-headline gb-headline-1ae94c1e gb-headline-text is-sequenced\">\u00a1Informaci\u00f3n de contacto de la escuela!<\/h2>\n\n\n\n<p class=\"gb-headline gb-headline-b4d2356f gb-headline-text is-sequenced\">Haga una conexi\u00f3n directa con nuestras escuelas asociadas.<\/p>\n\n\n<div class=\"gb-button-wrapper gb-button-wrapper-45a53ff4 is-sequenced\">\n\n<a class=\"gb-button gb-button-4d282b13\" href=\"https:\/\/careerreadylancaster.com\/es\/school-contact-information\/\"><span class=\"gb-button-text\">Aprende m\u00e1s<\/span><span class=\"gb-icon\"><svg aria-hidden=\"true\" role=\"img\" height=\"1em\" width=\"1em\" viewbox=\"0 0 256 512\" xmlns=\"http:\/\/www.w3.org\/2000\/svg\"><path fill=\"currentColor\" d=\"M224.3 273l-136 136c-9.4 9.4-24.6 9.4-33.9 0l-22.6-22.6c-9.4-9.4-9.4-24.6 0-33.9l96.4-96.4-96.4-96.4c-9.4-9.4-9.4-24.6 0-33.9L54.3 103c9.4-9.4 24.6-9.4 33.9 0l136 136c9.5 9.4 9.5 24.6.1 34z\"><\/path><\/svg><\/span><\/a>\n\n<\/div>\n<\/div><\/div><\/div>\n<\/div>\n<\/div><div class=\"gb-shapes\"><div class=\"gb-shape gb-shape-1\"><svg xmlns=\"http:\/\/www.w3.org\/2000\/svg\" viewbox=\"0 0 1200 194.3\" preserveaspectratio=\"none\"><path d=\"M1200 133.3l-50 8.9c-50 8.6-150 26.9-250 31.1-100 4.2-200-4.2-300-26.7S400 89.2 300 62.2C200 35.8 100 17.5 50 8.9L0 0v194.3h1200v-61z\"\/><\/svg><\/div><div class=\"gb-shape gb-shape-2\"><svg xmlns=\"http:\/\/www.w3.org\/2000\/svg\" viewbox=\"0 0 1200 137.6\" preserveaspectratio=\"none\"><path d=\"M0 137.6h1200V21.9l-66.7 26.7c-66.7 26.7-200 80-333.3 66.7S533.3 21.9 400 4.2C266.7-13.9 133.3 31.1 66.7 53L0 75.3v62.3z\"\/><\/svg><\/div><div class=\"gb-shape gb-shape-3\"><svg xmlns=\"http:\/\/www.w3.org\/2000\/svg\" viewbox=\"0 0 1200 194.3\" preserveaspectratio=\"none\"><path d=\"M1200 133.3l-50 8.9c-50 8.6-150 26.9-250 31.1-100 4.2-200-4.2-300-26.7S400 89.2 300 62.2C200 35.8 100 17.5 50 8.9L0 0v194.3h1200v-61z\"\/><\/svg><\/div><div class=\"gb-shape gb-shape-4\"><svg xmlns=\"http:\/\/www.w3.org\/2000\/svg\" viewbox=\"0 0 1200 194.3\" preserveaspectratio=\"none\"><path d=\"M1200 133.3l-50 8.9c-50 8.6-150 26.9-250 31.1-100 4.2-200-4.2-300-26.7S400 89.2 300 62.2C200 35.8 100 17.5 50 8.9L0 0v194.3h1200v-61z\"\/><\/svg><\/div><\/div><\/div>","protected":false},"excerpt":{"rendered":"<p>\u00a1Te necesitamos! Su negocio es una parte esencial del panorama econ\u00f3mico del condado de Lancaster. Listo para la carrera Lancaster! naci\u00f3 del deseo de conectar a los buscadores de empleo con sus oportunidades. M\u00e1s que empleo, los trabajadores buscan la estabilidad de oportunidades profesionales a largo plazo en nuestra incre\u00edble comunidad empresarial. Nos asociamos con empresas locales en... <\/p>\n<p class=\"read-more-container\"><a title=\"Por negocios\" class=\"read-more button\" href=\"https:\/\/careerreadylancaster.com\/es\/for-businesses\/#more-1483\" aria-label=\"M\u00e1s sobre Para empresas\">Lee mas<\/a><\/p>","protected":false},"author":4,"featured_media":2137,"parent":0,"menu_order":0,"comment_status":"closed","ping_status":"closed","template":"","meta":{"_acf_changed":false,"inline_featured_image":false,"_monsterinsights_skip_tracking":false,"_monsterinsights_sitenote_active":false,"_monsterinsights_sitenote_note":"","_monsterinsights_sitenote_category":0,"footnotes":""},"class_list":["post-1483","page","type-page","status-publish","has-post-thumbnail","no-featured-image-padding"],"acf":[],"yoast_head":"<!-- This site is optimized with the Yoast SEO plugin v27.4 - https:\/\/yoast.com\/product\/yoast-seo-wordpress\/ -->\n<title>For Businesses - Career Ready Lancaster!<\/title>\n<meta name=\"robots\" content=\"index, follow, max-snippet:-1, max-image-preview:large, max-video-preview:-1\" \/>\n<link rel=\"canonical\" href=\"https:\/\/careerreadylancaster.com\/es\/for-businesses\/\" \/>\n<meta property=\"og:locale\" content=\"es_ES\" \/>\n<meta property=\"og:type\" content=\"article\" \/>\n<meta property=\"og:title\" content=\"For Businesses - Career Ready Lancaster!\" \/>\n<meta property=\"og:description\" content=\"We need YOU! Your business is an essential part of the Lancaster County economic landscape. Career Ready Lancaster! was born out of a desire to connect job seekers to your opportunities. More than employment, workers are seeking the stability of long term career opportunities in our incredible business community. We partner with local businesses in ... Read more\" \/>\n<meta property=\"og:url\" content=\"https:\/\/careerreadylancaster.com\/es\/for-businesses\/\" \/>\n<meta property=\"og:site_name\" content=\"Career Ready Lancaster!\" \/>\n<meta property=\"article:modified_time\" content=\"2025-03-20T20:02:33+00:00\" \/>\n<meta property=\"og:image\" content=\"https:\/\/careerreadylancaster.com\/wp-content\/uploads\/2021\/07\/businesses.jpg\" \/>\n\t<meta property=\"og:image:width\" content=\"2000\" \/>\n\t<meta property=\"og:image:height\" content=\"900\" \/>\n\t<meta property=\"og:image:type\" content=\"image\/jpeg\" \/>\n<meta name=\"twitter:card\" content=\"summary_large_image\" \/>\n<meta name=\"twitter:label1\" content=\"Est. reading time\" \/>\n\t<meta name=\"twitter:data1\" content=\"2 minutos\" \/>\n<script type=\"application\/ld+json\" class=\"yoast-schema-graph\">{\"@context\":\"https:\\\/\\\/schema.org\",\"@graph\":[{\"@type\":\"WebPage\",\"@id\":\"https:\\\/\\\/careerreadylancaster.com\\\/for-businesses\\\/\",\"url\":\"https:\\\/\\\/careerreadylancaster.com\\\/for-businesses\\\/\",\"name\":\"For Businesses - Career Ready Lancaster!\",\"isPartOf\":{\"@id\":\"https:\\\/\\\/careerreadylancaster.com\\\/#website\"},\"primaryImageOfPage\":{\"@id\":\"https:\\\/\\\/careerreadylancaster.com\\\/for-businesses\\\/#primaryimage\"},\"image\":{\"@id\":\"https:\\\/\\\/careerreadylancaster.com\\\/for-businesses\\\/#primaryimage\"},\"thumbnailUrl\":\"https:\\\/\\\/careerreadylancaster.com\\\/wp-content\\\/uploads\\\/2021\\\/07\\\/businesses.jpg\",\"datePublished\":\"2021-06-21T16:28:12+00:00\",\"dateModified\":\"2025-03-20T20:02:33+00:00\",\"breadcrumb\":{\"@id\":\"https:\\\/\\\/careerreadylancaster.com\\\/for-businesses\\\/#breadcrumb\"},\"inLanguage\":\"es\",\"potentialAction\":[{\"@type\":\"ReadAction\",\"target\":[\"https:\\\/\\\/careerreadylancaster.com\\\/for-businesses\\\/\"]}]},{\"@type\":\"ImageObject\",\"inLanguage\":\"es\",\"@id\":\"https:\\\/\\\/careerreadylancaster.com\\\/for-businesses\\\/#primaryimage\",\"url\":\"https:\\\/\\\/careerreadylancaster.com\\\/wp-content\\\/uploads\\\/2021\\\/07\\\/businesses.jpg\",\"contentUrl\":\"https:\\\/\\\/careerreadylancaster.com\\\/wp-content\\\/uploads\\\/2021\\\/07\\\/businesses.jpg\",\"width\":2000,\"height\":900},{\"@type\":\"BreadcrumbList\",\"@id\":\"https:\\\/\\\/careerreadylancaster.com\\\/for-businesses\\\/#breadcrumb\",\"itemListElement\":[{\"@type\":\"ListItem\",\"position\":1,\"name\":\"Home\",\"item\":\"https:\\\/\\\/careerreadylancaster.com\\\/\"},{\"@type\":\"ListItem\",\"position\":2,\"name\":\"For Businesses\"}]},{\"@type\":\"WebSite\",\"@id\":\"https:\\\/\\\/careerreadylancaster.com\\\/#website\",\"url\":\"https:\\\/\\\/careerreadylancaster.com\\\/\",\"name\":\"Career Ready Lancaster!\",\"description\":\"\",\"publisher\":{\"@id\":\"https:\\\/\\\/careerreadylancaster.com\\\/#organization\"},\"potentialAction\":[{\"@type\":\"SearchAction\",\"target\":{\"@type\":\"EntryPoint\",\"urlTemplate\":\"https:\\\/\\\/careerreadylancaster.com\\\/?s={search_term_string}\"},\"query-input\":{\"@type\":\"PropertyValueSpecification\",\"valueRequired\":true,\"valueName\":\"search_term_string\"}}],\"inLanguage\":\"es\"},{\"@type\":\"Organization\",\"@id\":\"https:\\\/\\\/careerreadylancaster.com\\\/#organization\",\"name\":\"Career Ready Lancaster!\",\"url\":\"https:\\\/\\\/careerreadylancaster.com\\\/\",\"logo\":{\"@type\":\"ImageObject\",\"inLanguage\":\"es\",\"@id\":\"https:\\\/\\\/careerreadylancaster.com\\\/#\\\/schema\\\/logo\\\/image\\\/\",\"url\":\"https:\\\/\\\/careerreadylancaster.com\\\/wp-content\\\/uploads\\\/2021\\\/08\\\/crl.png\",\"contentUrl\":\"https:\\\/\\\/careerreadylancaster.com\\\/wp-content\\\/uploads\\\/2021\\\/08\\\/crl.png\",\"width\":1200,\"height\":630,\"caption\":\"Career Ready Lancaster!\"},\"image\":{\"@id\":\"https:\\\/\\\/careerreadylancaster.com\\\/#\\\/schema\\\/logo\\\/image\\\/\"}}]}<\/script>\n<!-- \/ Yoast SEO plugin. -->","yoast_head_json":{"title":"For Businesses - Career Ready Lancaster!","robots":{"index":"index","follow":"follow","max-snippet":"max-snippet:-1","max-image-preview":"max-image-preview:large","max-video-preview":"max-video-preview:-1"},"canonical":"https:\/\/careerreadylancaster.com\/es\/for-businesses\/","og_locale":"es_ES","og_type":"article","og_title":"For Businesses - Career Ready Lancaster!","og_description":"We need YOU! Your business is an essential part of the Lancaster County economic landscape. Career Ready Lancaster! was born out of a desire to connect job seekers to your opportunities. More than employment, workers are seeking the stability of long term career opportunities in our incredible business community. We partner with local businesses in ... Read more","og_url":"https:\/\/careerreadylancaster.com\/es\/for-businesses\/","og_site_name":"Career Ready Lancaster!","article_modified_time":"2025-03-20T20:02:33+00:00","og_image":[{"width":2000,"height":900,"url":"https:\/\/careerreadylancaster.com\/wp-content\/uploads\/2021\/07\/businesses.jpg","type":"image\/jpeg"}],"twitter_card":"summary_large_image","twitter_misc":{"Est. reading time":"2 minutos"},"schema":{"@context":"https:\/\/schema.org","@graph":[{"@type":"WebPage","@id":"https:\/\/careerreadylancaster.com\/for-businesses\/","url":"https:\/\/careerreadylancaster.com\/for-businesses\/","name":"For Businesses - Career Ready Lancaster!","isPartOf":{"@id":"https:\/\/careerreadylancaster.com\/#website"},"primaryImageOfPage":{"@id":"https:\/\/careerreadylancaster.com\/for-businesses\/#primaryimage"},"image":{"@id":"https:\/\/careerreadylancaster.com\/for-businesses\/#primaryimage"},"thumbnailUrl":"https:\/\/careerreadylancaster.com\/wp-content\/uploads\/2021\/07\/businesses.jpg","datePublished":"2021-06-21T16:28:12+00:00","dateModified":"2025-03-20T20:02:33+00:00","breadcrumb":{"@id":"https:\/\/careerreadylancaster.com\/for-businesses\/#breadcrumb"},"inLanguage":"es","potentialAction":[{"@type":"ReadAction","target":["https:\/\/careerreadylancaster.com\/for-businesses\/"]}]},{"@type":"ImageObject","inLanguage":"es","@id":"https:\/\/careerreadylancaster.com\/for-businesses\/#primaryimage","url":"https:\/\/careerreadylancaster.com\/wp-content\/uploads\/2021\/07\/businesses.jpg","contentUrl":"https:\/\/careerreadylancaster.com\/wp-content\/uploads\/2021\/07\/businesses.jpg","width":2000,"height":900},{"@type":"BreadcrumbList","@id":"https:\/\/careerreadylancaster.com\/for-businesses\/#breadcrumb","itemListElement":[{"@type":"ListItem","position":1,"name":"Home","item":"https:\/\/careerreadylancaster.com\/"},{"@type":"ListItem","position":2,"name":"For Businesses"}]},{"@type":"WebSite","@id":"https:\/\/careerreadylancaster.com\/#website","url":"https:\/\/careerreadylancaster.com\/","name":"Listo para la carrera Lancaster!","description":"","publisher":{"@id":"https:\/\/careerreadylancaster.com\/#organization"},"potentialAction":[{"@type":"SearchAction","target":{"@type":"EntryPoint","urlTemplate":"https:\/\/careerreadylancaster.com\/?s={search_term_string}"},"query-input":{"@type":"PropertyValueSpecification","valueRequired":true,"valueName":"search_term_string"}}],"inLanguage":"es"},{"@type":"Organization","@id":"https:\/\/careerreadylancaster.com\/#organization","name":"Listo para la carrera Lancaster!","url":"https:\/\/careerreadylancaster.com\/","logo":{"@type":"ImageObject","inLanguage":"es","@id":"https:\/\/careerreadylancaster.com\/#\/schema\/logo\/image\/","url":"https:\/\/careerreadylancaster.com\/wp-content\/uploads\/2021\/08\/crl.png","contentUrl":"https:\/\/careerreadylancaster.com\/wp-content\/uploads\/2021\/08\/crl.png","width":1200,"height":630,"caption":"Career Ready Lancaster!"},"image":{"@id":"https:\/\/careerreadylancaster.com\/#\/schema\/logo\/image\/"}}]}},"_links":{"self":[{"href":"https:\/\/careerreadylancaster.com\/es\/wp-json\/wp\/v2\/pages\/1483","targetHints":{"allow":["GET"]}}],"collection":[{"href":"https:\/\/careerreadylancaster.com\/es\/wp-json\/wp\/v2\/pages"}],"about":[{"href":"https:\/\/careerreadylancaster.com\/es\/wp-json\/wp\/v2\/types\/page"}],"author":[{"embeddable":true,"href":"https:\/\/careerreadylancaster.com\/es\/wp-json\/wp\/v2\/users\/4"}],"replies":[{"embeddable":true,"href":"https:\/\/careerreadylancaster.com\/es\/wp-json\/wp\/v2\/comments?post=1483"}],"version-history":[{"count":57,"href":"https:\/\/careerreadylancaster.com\/es\/wp-json\/wp\/v2\/pages\/1483\/revisions"}],"predecessor-version":[{"id":4623,"href":"https:\/\/careerreadylancaster.com\/es\/wp-json\/wp\/v2\/pages\/1483\/revisions\/4623"}],"wp:featuredmedia":[{"embeddable":true,"href":"https:\/\/careerreadylancaster.com\/es\/wp-json\/wp\/v2\/media\/2137"}],"wp:attachment":[{"href":"https:\/\/careerreadylancaster.com\/es\/wp-json\/wp\/v2\/media?parent=1483"}],"curies":[{"name":"wp","href":"https:\/\/api.w.org\/{rel}","templated":true}]}}