{"id":1477,"date":"2021-06-21T16:27:27","date_gmt":"2021-06-21T16:27:27","guid":{"rendered":"https:\/\/careerreadylancaster.com\/?page_id=1477"},"modified":"2021-07-21T16:32:54","modified_gmt":"2021-07-21T16:32:54","slug":"service-year","status":"publish","type":"page","link":"https:\/\/careerreadylancaster.com\/es\/career-directions\/service-year\/","title":{"rendered":"A\u00f1o de servicio"},"content":{"rendered":"<div class=\"gb-container gb-container-e12a7337 alignfull\"><div class=\"gb-inside-container\">\n<div class=\"gb-grid-wrapper gb-grid-wrapper-91b00b38\">\n<div class=\"gb-grid-column gb-grid-column-285c4429\"><div class=\"gb-container gb-container-285c4429\"><div class=\"gb-inside-container\">\n\n<h3 class=\"gb-headline gb-headline-b15f6f17 gb-headline-text\">Direcciones de carrera<\/h3>\n\n\n\n<h1 class=\"gb-headline gb-headline-8ca7395a gb-headline-text\">A\u00f1o de servicio<\/h1>\n\n\n\n<h3 class=\"gb-headline gb-headline-e88335b7 gb-headline-text\">Un viaje de servicio es el tiempo dedicado a ayudar a los dem\u00e1s. A menudo conocido como un a\u00f1o sab\u00e1tico, esta es una excelente manera de aprender y trabajar, mientras obtiene una visi\u00f3n personal. Trabajar al servicio de los dem\u00e1s te ayuda a ver el mundo desde un nuevo punto de vista y puede ayudarte a encontrar tu pasi\u00f3n. Por lo general, los viajes de servicio y los a\u00f1os sab\u00e1ticos implican vivir y trabajar en una comunidad desatendida, con un alto \u00edndice de pobreza o afectada por un desastre. La oportunidad puede ser internacional, nacional y local. Desde ayudar a construir casas, ense\u00f1ar habilidades agr\u00edcolas, apoyar iniciativas de atenci\u00f3n m\u00e9dica y todo lo dem\u00e1s, existen numerosas organizaciones que ofrecen experiencias laborales tanto voluntarias como remuneradas.<\/h3>\n\n<\/div><\/div><\/div>\n<\/div>\n<\/div><div class=\"gb-shapes\"><div class=\"gb-shape gb-shape-1\"><svg xmlns=\"http:\/\/www.w3.org\/2000\/svg\" viewbox=\"0 0 1200 194.3\" preserveaspectratio=\"none\"><path d=\"M1200 133.3l-50 8.9c-50 8.6-150 26.9-250 31.1-100 4.2-200-4.2-300-26.7S400 89.2 300 62.2C200 35.8 100 17.5 50 8.9L0 0v194.3h1200v-61z\"\/><\/svg><\/div><\/div><\/div>\n\n<div class=\"gb-container gb-container-7cc5a522\"><div class=\"gb-inside-container\">\n\n<h3 class=\"gb-headline gb-headline-cad8aa7a\"><span class=\"gb-icon\"><svg stroke-linejoin=\"round\" stroke-linecap=\"round\" fill=\"none\" stroke=\"#000000\" stroke-width=\"1.5\" viewbox=\"0 0 24 24\" height=\"44\" width=\"44\" class=\"icon icon-tabler icon-tabler-coin\" xmlns=\"http:\/\/www.w3.org\/2000\/svg\">   <path fill=\"none\" d=\"M0 0h24v24H0z\" stroke=\"none\"><\/path>   <circle r=\"9\" cy=\"12\" cx=\"12\"><\/circle>   <path d=\"M14.8 9a2 2 0 0 0 -1.8 -1h-2a2 2 0 0 0 0 4h2a2 2 0 0 1 0 4h-2a2 2 0 0 1 -1.8 -1\"><\/path>   <path d=\"M12 6v2m0 8v2\"><\/path> <\/svg><\/span><span class=\"gb-headline-text\">Compromiso financiero<\/span><\/h3>\n\n\n\n<p class=\"gb-headline gb-headline-bd740d0c gb-headline-text\">El costo de los viajes de servicio var\u00eda, pero se puede encontrar trabajo de servicio para todos los presupuestos. Aunque viajar al extranjero puede ser costoso, vivir y trabajar en un pa\u00eds extranjero puede cambiar la vida. Los voluntarios financian sus viajes a trav\u00e9s de recaudaci\u00f3n de fondos y patrocinios. Los voluntarios a largo plazo en programas como estos pueden recibir estipendios a trav\u00e9s de subvenciones o recaudaci\u00f3n de fondos. <a href=\"#\" target=\"_blank\" rel=\"noreferrer noopener\"><strong>Ense\u00f1ar para Am\u00e9rica<\/strong><\/a> y <a href=\"#\" target=\"_blank\" rel=\"noreferrer noopener\"><strong>Rotario Internacional <\/strong><\/a>son excelentes ejemplos de organizaciones de patrocinio. Para oportunidades a corto plazo, muchas organizaciones eclesi\u00e1sticas organizan viajes de servicio a nivel local, nacional e internacional.<\/p>\n\n<\/div><\/div>\n\n<div class=\"gb-container gb-container-caa7962c\"><div class=\"gb-inside-container\">\n\n<h3 class=\"gb-headline gb-headline-e97a03ff\"><span class=\"gb-icon\"><svg stroke-linejoin=\"round\" stroke-linecap=\"round\" fill=\"none\" stroke=\"#000000\" stroke-width=\"1.5\" viewbox=\"0 0 24 24\" height=\"44\" width=\"44\" class=\"icon icon-tabler icon-tabler-clock\" xmlns=\"http:\/\/www.w3.org\/2000\/svg\">   <path fill=\"none\" d=\"M0 0h24v24H0z\" stroke=\"none\"><\/path>   <circle r=\"9\" cy=\"12\" cx=\"12\"><\/circle>   <polyline points=\"12 7 12 12 15 15\"><\/polyline> <\/svg><\/span><span class=\"gb-headline-text\">Compromiso de tiempo<\/span><\/h3>\n\n\n\n<p class=\"gb-headline gb-headline-d2060fdd gb-headline-text\">Hay viajes de servicio a corto plazo, experiencias de verano y viajes de un a\u00f1o o m\u00e1s. Esto depende de d\u00f3nde quiera ir y cu\u00e1l sea el acuerdo de servicio con la organizaci\u00f3n patrocinadora.<\/p>\n\n<\/div><\/div>\n\n<div class=\"gb-container gb-container-c6a435c1\"><div class=\"gb-inside-container\">\n\n<h3 class=\"gb-headline gb-headline-0b810cd6\"><span class=\"gb-icon\"><svg stroke-linejoin=\"round\" stroke-linecap=\"round\" fill=\"none\" stroke=\"#000000\" stroke-width=\"1.5\" viewbox=\"0 0 24 24\" height=\"44\" width=\"44\" class=\"icon icon-tabler icon-tabler-home\" xmlns=\"http:\/\/www.w3.org\/2000\/svg\">   <path fill=\"none\" d=\"M0 0h24v24H0z\" stroke=\"none\"><\/path>   <polyline points=\"5 12 3 12 12 3 21 12 19 12\"><\/polyline>   <path d=\"M5 12v7a2 2 0 0 0 2 2h10a2 2 0 0 0 2 -2v-7\"><\/path>   <path d=\"M9 21v-6a2 2 0 0 1 2 -2h2a2 2 0 0 1 2 2v6\"><\/path> <\/svg><\/span><span class=\"gb-headline-text\">Alojamiento<\/span><\/h3>\n\n\n\n<p class=\"gb-headline gb-headline-c8c651ed gb-headline-text\">A menudo, la organizaci\u00f3n patrocinadora proporciona alojamiento como parte del viaje de servicio o del programa de a\u00f1o de servicio. Otra opci\u00f3n es permanecer local, trabajar y ser voluntario para una organizaci\u00f3n donde vive. De esta manera, conocer\u00e1 a su comunidad y construir\u00e1 su red profesional, todo mientras genera un impacto positivo en la vida de los dem\u00e1s.<\/p>\n\n<\/div><\/div>\n\n<div class=\"gb-container gb-container-664f9b6f\"><div class=\"gb-inside-container\">\n\n<h3 class=\"gb-headline gb-headline-8a0a29f6\"><span class=\"gb-icon\"><svg stroke-linejoin=\"round\" stroke-linecap=\"round\" fill=\"none\" stroke=\"#000000\" stroke-width=\"1.5\" viewbox=\"0 0 24 24\" height=\"44\" width=\"44\" class=\"icon icon-tabler icon-tabler-school\" xmlns=\"http:\/\/www.w3.org\/2000\/svg\">   <path fill=\"none\" d=\"M0 0h24v24H0z\" stroke=\"none\"><\/path>   <path d=\"M22 9l-10 -4l-10 4l10 4l10 -4v6\"><\/path>   <path d=\"M6 10.6v5.4a6 3 0 0 0 12 0v-5.4\"><\/path> <\/svg><\/span><span class=\"gb-headline-text\">Educaci\u00f3n requerida<\/span><\/h3>\n\n\n\n<p class=\"gb-headline gb-headline-2fe64f68 gb-headline-text\">Los requisitos de educaci\u00f3n var\u00edan. Para aquellos que buscan un a\u00f1o de servicio, la mayor\u00eda de los programas requieren un diploma de escuela secundaria o GED.<\/p>\n\n<\/div><\/div>\n\n<div class=\"gb-container gb-container-b6300fe6\"><div class=\"gb-inside-container\">\n\n<h3 class=\"gb-headline gb-headline-b40ddcd5\"><span class=\"gb-icon\"><svg stroke-linejoin=\"round\" stroke-linecap=\"round\" fill=\"none\" stroke=\"#000000\" stroke-width=\"1.5\" viewbox=\"0 0 24 24\" height=\"44\" width=\"44\" class=\"icon icon-tabler icon-tabler-device-desktop-analytics\" xmlns=\"http:\/\/www.w3.org\/2000\/svg\">   <path fill=\"none\" d=\"M0 0h24v24H0z\" stroke=\"none\"><\/path>   <rect rx=\"1\" height=\"12\" width=\"18\" y=\"4\" x=\"3\"><\/rect>   <path d=\"M7 20h10\"><\/path>   <path d=\"M9 16v4\"><\/path>   <path d=\"M15 16v4\"><\/path>   <path d=\"M9 12v-4\"><\/path>   <path d=\"M12 12v-1\"><\/path>   <path d=\"M15 12v-2\"><\/path>   <path d=\"M12 12v-1\"><\/path> <\/svg><\/span><span class=\"gb-headline-text\">Oportunidades profesionales<\/span><\/h3>\n\n\n\n<p class=\"gb-headline gb-headline-e3074f38 gb-headline-text\">Agregar servicio a su curr\u00edculum demuestra que es apasionado, concienzudo, de mente abierta y dispuesto a ayudar a los dem\u00e1s. Es posible que tenga la opci\u00f3n de seguir trabajando en la organizaci\u00f3n o puede encontrar una oportunidad de beca universitaria en funci\u00f3n de su servicio. A nivel local, Lancaster tiene una comunidad din\u00e1mica sin fines de lucro. <a rel=\"noreferrer noopener\" href=\"#\" target=\"_blank\"><strong>Consulta las opciones<\/strong><\/a> que existen localmente en Lancaster por un a\u00f1o de servicio.<\/p>\n\n<\/div><\/div>\n\n<div class=\"gb-container gb-container-46ffa125\"><div class=\"gb-inside-container\">\n\n<h3 class=\"gb-headline gb-headline-6e7605dd\"><span class=\"gb-icon\"><svg aria-hidden=\"true\" role=\"img\" height=\"1em\" width=\"1em\" viewbox=\"0 0 448 512\" xmlns=\"http:\/\/www.w3.org\/2000\/svg\"><path fill=\"currentColor\" d=\"M323.56 51.2c-20.8 19.3-39.58 39.59-56.22 59.97C240.08 73.62 206.28 35.53 168 0 69.74 91.17 0 209.96 0 281.6 0 408.85 100.29 512 224 512s224-103.15 224-230.4c0-53.27-51.98-163.14-124.44-230.4zm-19.47 340.65C282.43 407.01 255.72 416 226.86 416 154.71 416 96 368.26 96 290.75c0-38.61 24.31-72.63 72.79-130.75 6.93 7.98 98.83 125.34 98.83 125.34l58.63-66.88c4.14 6.85 7.91 13.55 11.27 19.97 27.35 52.19 15.81 118.97-33.43 153.42z\"><\/path><\/svg><\/span><span class=\"gb-headline-text\">Informaci\u00f3n relacionada<\/span><\/h3>\n\n\n<div class=\"gb-button-wrapper gb-button-wrapper-fe0bdf91\">\n\n<a class=\"gb-button gb-button-81dde00d\" href=\"https:\/\/shalomlancaster.org\/\" target=\"_blank\" rel=\"nofollow noopener noreferrer\"><span class=\"gb-icon\"><svg aria-hidden=\"true\" role=\"img\" height=\"1em\" width=\"1em\" viewbox=\"0 0 576 512\" xmlns=\"http:\/\/www.w3.org\/2000\/svg\"><path fill=\"currentColor\" d=\"M259.3 17.8L194 150.2 47.9 171.5c-26.2 3.8-36.7 36.1-17.7 54.6l105.7 103-25 145.5c-4.5 26.3 23.2 46 46.4 33.7L288 439.6l130.7 68.7c23.2 12.2 50.9-7.4 46.4-33.7l-25-145.5 105.7-103c19-18.5 8.5-50.8-17.7-54.6L382 150.2 316.7 17.8c-11.7-23.6-45.6-23.9-57.4 0z\"><\/path><\/svg><\/span><span class=\"gb-button-text\">Shalom<\/span><\/a>\n\n\n\n<a class=\"gb-button gb-button-8957cdfc\" href=\"https:\/\/americorps.gov\/serve\" target=\"_blank\" rel=\"nofollow noopener noreferrer\"><span class=\"gb-icon\"><svg aria-hidden=\"true\" role=\"img\" height=\"1em\" width=\"1em\" viewbox=\"0 0 576 512\" xmlns=\"http:\/\/www.w3.org\/2000\/svg\"><path fill=\"currentColor\" d=\"M259.3 17.8L194 150.2 47.9 171.5c-26.2 3.8-36.7 36.1-17.7 54.6l105.7 103-25 145.5c-4.5 26.3 23.2 46 46.4 33.7L288 439.6l130.7 68.7c23.2 12.2 50.9-7.4 46.4-33.7l-25-145.5 105.7-103c19-18.5 8.5-50.8-17.7-54.6L382 150.2 316.7 17.8c-11.7-23.6-45.6-23.9-57.4 0z\"><\/path><\/svg><\/span><span class=\"gb-button-text\">AmeriCorps<\/span><\/a>\n\n\n\n<a class=\"gb-button gb-button-219c0bde\" href=\"https:\/\/www.rotary.org\/en\/our-programs\" target=\"_blank\" rel=\"nofollow noopener noreferrer\"><span class=\"gb-icon\"><svg aria-hidden=\"true\" role=\"img\" height=\"1em\" width=\"1em\" viewbox=\"0 0 576 512\" xmlns=\"http:\/\/www.w3.org\/2000\/svg\"><path fill=\"currentColor\" d=\"M259.3 17.8L194 150.2 47.9 171.5c-26.2 3.8-36.7 36.1-17.7 54.6l105.7 103-25 145.5c-4.5 26.3 23.2 46 46.4 33.7L288 439.6l130.7 68.7c23.2 12.2 50.9-7.4 46.4-33.7l-25-145.5 105.7-103c19-18.5 8.5-50.8-17.7-54.6L382 150.2 316.7 17.8c-11.7-23.6-45.6-23.9-57.4 0z\"><\/path><\/svg><\/span><span class=\"gb-button-text\">Giratorio<\/span><\/a>\n\n<\/div>\n\n\n<div style=\"height:31px\" aria-hidden=\"true\" class=\"wp-block-spacer\"><\/div>\n\n\n\n<figure class=\"wp-block-embed is-type-video is-provider-youtube wp-block-embed-youtube wp-embed-aspect-16-9 wp-has-aspect-ratio\"><div class=\"wp-block-embed__wrapper\">\n<iframe title=\"PennSERVE\" width=\"1200\" height=\"675\" data-src=\"https:\/\/www.youtube.com\/embed\/niT-Tk0FVuY?feature=oembed\" frameborder=\"0\" allow=\"accelerometer; autoplay; clipboard-write; encrypted-media; gyroscope; picture-in-picture\" allowfullscreen src=\"data:image\/svg+xml;base64,PHN2ZyB3aWR0aD0iMSIgaGVpZ2h0PSIxIiB4bWxucz0iaHR0cDovL3d3dy53My5vcmcvMjAwMC9zdmciPjwvc3ZnPg==\" class=\"lazyload\" data-load-mode=\"1\"><\/iframe>\n<\/div><\/figure>\n\n<\/div><\/div>","protected":false},"excerpt":{"rendered":"<p>Compromiso financiero El costo de los viajes de servicio var\u00eda, pero se puede encontrar trabajo de servicio para todos los presupuestos. Aunque viajar al extranjero puede ser costoso, vivir y trabajar en un pa\u00eds extranjero puede cambiar la vida. Los voluntarios financian sus viajes a trav\u00e9s de recaudaci\u00f3n de fondos y patrocinios. Los voluntarios a largo plazo en programas como estos pueden recibir estipendios a trav\u00e9s de subvenciones... <\/p>\n<p class=\"read-more-container\"><a title=\"A\u00f1o de servicio\" class=\"read-more button\" href=\"https:\/\/careerreadylancaster.com\/es\/career-directions\/service-year\/#more-1477\" aria-label=\"M\u00e1s sobre el a\u00f1o de servicio\">Lee mas<\/a><\/p>","protected":false},"author":4,"featured_media":2123,"parent":1465,"menu_order":0,"comment_status":"closed","ping_status":"closed","template":"","meta":{"_acf_changed":false,"inline_featured_image":false,"_monsterinsights_skip_tracking":false,"_monsterinsights_sitenote_active":false,"_monsterinsights_sitenote_note":"","_monsterinsights_sitenote_category":0,"footnotes":""},"class_list":["post-1477","page","type-page","status-publish","has-post-thumbnail","no-featured-image-padding"],"acf":[],"yoast_head":"<!-- This site is optimized with the Yoast SEO plugin v27.3 - https:\/\/yoast.com\/product\/yoast-seo-wordpress\/ -->\n<title>Service Year - Career Ready Lancaster!<\/title>\n<meta name=\"robots\" content=\"index, follow, max-snippet:-1, max-image-preview:large, max-video-preview:-1\" \/>\n<link rel=\"canonical\" href=\"https:\/\/careerreadylancaster.com\/es\/career-directions\/service-year\/\" \/>\n<meta property=\"og:locale\" content=\"es_ES\" \/>\n<meta property=\"og:type\" content=\"article\" \/>\n<meta property=\"og:title\" content=\"Service Year - Career Ready Lancaster!\" \/>\n<meta property=\"og:description\" content=\"Financial commitment The cost of service trips vary, but service work can be found for all budgets. Though overseas travel can get expensive, living and working in a foreign country can be life changing. Volunteers fund their trips through fundraising and sponsorships. Long-term volunteers in programs such as these may be paid stipends through grants ... Read more\" \/>\n<meta property=\"og:url\" content=\"https:\/\/careerreadylancaster.com\/es\/career-directions\/service-year\/\" \/>\n<meta property=\"og:site_name\" content=\"Career Ready Lancaster!\" \/>\n<meta property=\"article:modified_time\" content=\"2021-07-21T16:32:54+00:00\" \/>\n<meta property=\"og:image\" content=\"https:\/\/careerreadylancaster.com\/wp-content\/uploads\/2021\/07\/service.jpg\" \/>\n\t<meta property=\"og:image:width\" content=\"2000\" \/>\n\t<meta property=\"og:image:height\" content=\"900\" \/>\n\t<meta property=\"og:image:type\" content=\"image\/jpeg\" \/>\n<meta name=\"twitter:card\" content=\"summary_large_image\" \/>\n<meta name=\"twitter:label1\" content=\"Est. reading time\" \/>\n\t<meta name=\"twitter:data1\" content=\"2 minutos\" \/>\n<script type=\"application\/ld+json\" class=\"yoast-schema-graph\">{\"@context\":\"https:\\\/\\\/schema.org\",\"@graph\":[{\"@type\":\"WebPage\",\"@id\":\"https:\\\/\\\/careerreadylancaster.com\\\/career-directions\\\/service-year\\\/\",\"url\":\"https:\\\/\\\/careerreadylancaster.com\\\/career-directions\\\/service-year\\\/\",\"name\":\"Service Year - Career Ready Lancaster!\",\"isPartOf\":{\"@id\":\"https:\\\/\\\/careerreadylancaster.com\\\/#website\"},\"primaryImageOfPage\":{\"@id\":\"https:\\\/\\\/careerreadylancaster.com\\\/career-directions\\\/service-year\\\/#primaryimage\"},\"image\":{\"@id\":\"https:\\\/\\\/careerreadylancaster.com\\\/career-directions\\\/service-year\\\/#primaryimage\"},\"thumbnailUrl\":\"https:\\\/\\\/careerreadylancaster.com\\\/wp-content\\\/uploads\\\/2021\\\/07\\\/service.jpg\",\"datePublished\":\"2021-06-21T16:27:27+00:00\",\"dateModified\":\"2021-07-21T16:32:54+00:00\",\"breadcrumb\":{\"@id\":\"https:\\\/\\\/careerreadylancaster.com\\\/career-directions\\\/service-year\\\/#breadcrumb\"},\"inLanguage\":\"es\",\"potentialAction\":[{\"@type\":\"ReadAction\",\"target\":[\"https:\\\/\\\/careerreadylancaster.com\\\/career-directions\\\/service-year\\\/\"]}]},{\"@type\":\"ImageObject\",\"inLanguage\":\"es\",\"@id\":\"https:\\\/\\\/careerreadylancaster.com\\\/career-directions\\\/service-year\\\/#primaryimage\",\"url\":\"https:\\\/\\\/careerreadylancaster.com\\\/wp-content\\\/uploads\\\/2021\\\/07\\\/service.jpg\",\"contentUrl\":\"https:\\\/\\\/careerreadylancaster.com\\\/wp-content\\\/uploads\\\/2021\\\/07\\\/service.jpg\",\"width\":2000,\"height\":900},{\"@type\":\"BreadcrumbList\",\"@id\":\"https:\\\/\\\/careerreadylancaster.com\\\/career-directions\\\/service-year\\\/#breadcrumb\",\"itemListElement\":[{\"@type\":\"ListItem\",\"position\":1,\"name\":\"Home\",\"item\":\"https:\\\/\\\/careerreadylancaster.com\\\/\"},{\"@type\":\"ListItem\",\"position\":2,\"name\":\"Career Directions\",\"item\":\"https:\\\/\\\/careerreadylancaster.com\\\/career-directions\\\/\"},{\"@type\":\"ListItem\",\"position\":3,\"name\":\"Service Year\"}]},{\"@type\":\"WebSite\",\"@id\":\"https:\\\/\\\/careerreadylancaster.com\\\/#website\",\"url\":\"https:\\\/\\\/careerreadylancaster.com\\\/\",\"name\":\"Career Ready Lancaster!\",\"description\":\"\",\"publisher\":{\"@id\":\"https:\\\/\\\/careerreadylancaster.com\\\/#organization\"},\"potentialAction\":[{\"@type\":\"SearchAction\",\"target\":{\"@type\":\"EntryPoint\",\"urlTemplate\":\"https:\\\/\\\/careerreadylancaster.com\\\/?s={search_term_string}\"},\"query-input\":{\"@type\":\"PropertyValueSpecification\",\"valueRequired\":true,\"valueName\":\"search_term_string\"}}],\"inLanguage\":\"es\"},{\"@type\":\"Organization\",\"@id\":\"https:\\\/\\\/careerreadylancaster.com\\\/#organization\",\"name\":\"Career Ready Lancaster!\",\"url\":\"https:\\\/\\\/careerreadylancaster.com\\\/\",\"logo\":{\"@type\":\"ImageObject\",\"inLanguage\":\"es\",\"@id\":\"https:\\\/\\\/careerreadylancaster.com\\\/#\\\/schema\\\/logo\\\/image\\\/\",\"url\":\"https:\\\/\\\/careerreadylancaster.com\\\/wp-content\\\/uploads\\\/2021\\\/08\\\/crl.png\",\"contentUrl\":\"https:\\\/\\\/careerreadylancaster.com\\\/wp-content\\\/uploads\\\/2021\\\/08\\\/crl.png\",\"width\":1200,\"height\":630,\"caption\":\"Career Ready Lancaster!\"},\"image\":{\"@id\":\"https:\\\/\\\/careerreadylancaster.com\\\/#\\\/schema\\\/logo\\\/image\\\/\"}}]}<\/script>\n<!-- \/ Yoast SEO plugin. -->","yoast_head_json":{"title":"Service Year - Career Ready Lancaster!","robots":{"index":"index","follow":"follow","max-snippet":"max-snippet:-1","max-image-preview":"max-image-preview:large","max-video-preview":"max-video-preview:-1"},"canonical":"https:\/\/careerreadylancaster.com\/es\/career-directions\/service-year\/","og_locale":"es_ES","og_type":"article","og_title":"Service Year - Career Ready Lancaster!","og_description":"Financial commitment The cost of service trips vary, but service work can be found for all budgets. Though overseas travel can get expensive, living and working in a foreign country can be life changing. Volunteers fund their trips through fundraising and sponsorships. Long-term volunteers in programs such as these may be paid stipends through grants ... Read more","og_url":"https:\/\/careerreadylancaster.com\/es\/career-directions\/service-year\/","og_site_name":"Career Ready Lancaster!","article_modified_time":"2021-07-21T16:32:54+00:00","og_image":[{"width":2000,"height":900,"url":"https:\/\/careerreadylancaster.com\/wp-content\/uploads\/2021\/07\/service.jpg","type":"image\/jpeg"}],"twitter_card":"summary_large_image","twitter_misc":{"Est. reading time":"2 minutos"},"schema":{"@context":"https:\/\/schema.org","@graph":[{"@type":"WebPage","@id":"https:\/\/careerreadylancaster.com\/career-directions\/service-year\/","url":"https:\/\/careerreadylancaster.com\/career-directions\/service-year\/","name":"Service Year - Career Ready Lancaster!","isPartOf":{"@id":"https:\/\/careerreadylancaster.com\/#website"},"primaryImageOfPage":{"@id":"https:\/\/careerreadylancaster.com\/career-directions\/service-year\/#primaryimage"},"image":{"@id":"https:\/\/careerreadylancaster.com\/career-directions\/service-year\/#primaryimage"},"thumbnailUrl":"https:\/\/careerreadylancaster.com\/wp-content\/uploads\/2021\/07\/service.jpg","datePublished":"2021-06-21T16:27:27+00:00","dateModified":"2021-07-21T16:32:54+00:00","breadcrumb":{"@id":"https:\/\/careerreadylancaster.com\/career-directions\/service-year\/#breadcrumb"},"inLanguage":"es","potentialAction":[{"@type":"ReadAction","target":["https:\/\/careerreadylancaster.com\/career-directions\/service-year\/"]}]},{"@type":"ImageObject","inLanguage":"es","@id":"https:\/\/careerreadylancaster.com\/career-directions\/service-year\/#primaryimage","url":"https:\/\/careerreadylancaster.com\/wp-content\/uploads\/2021\/07\/service.jpg","contentUrl":"https:\/\/careerreadylancaster.com\/wp-content\/uploads\/2021\/07\/service.jpg","width":2000,"height":900},{"@type":"BreadcrumbList","@id":"https:\/\/careerreadylancaster.com\/career-directions\/service-year\/#breadcrumb","itemListElement":[{"@type":"ListItem","position":1,"name":"Home","item":"https:\/\/careerreadylancaster.com\/"},{"@type":"ListItem","position":2,"name":"Career Directions","item":"https:\/\/careerreadylancaster.com\/career-directions\/"},{"@type":"ListItem","position":3,"name":"Service Year"}]},{"@type":"WebSite","@id":"https:\/\/careerreadylancaster.com\/#website","url":"https:\/\/careerreadylancaster.com\/","name":"Listo para la carrera Lancaster!","description":"","publisher":{"@id":"https:\/\/careerreadylancaster.com\/#organization"},"potentialAction":[{"@type":"SearchAction","target":{"@type":"EntryPoint","urlTemplate":"https:\/\/careerreadylancaster.com\/?s={search_term_string}"},"query-input":{"@type":"PropertyValueSpecification","valueRequired":true,"valueName":"search_term_string"}}],"inLanguage":"es"},{"@type":"Organization","@id":"https:\/\/careerreadylancaster.com\/#organization","name":"Listo para la carrera Lancaster!","url":"https:\/\/careerreadylancaster.com\/","logo":{"@type":"ImageObject","inLanguage":"es","@id":"https:\/\/careerreadylancaster.com\/#\/schema\/logo\/image\/","url":"https:\/\/careerreadylancaster.com\/wp-content\/uploads\/2021\/08\/crl.png","contentUrl":"https:\/\/careerreadylancaster.com\/wp-content\/uploads\/2021\/08\/crl.png","width":1200,"height":630,"caption":"Career Ready Lancaster!"},"image":{"@id":"https:\/\/careerreadylancaster.com\/#\/schema\/logo\/image\/"}}]}},"_links":{"self":[{"href":"https:\/\/careerreadylancaster.com\/es\/wp-json\/wp\/v2\/pages\/1477","targetHints":{"allow":["GET"]}}],"collection":[{"href":"https:\/\/careerreadylancaster.com\/es\/wp-json\/wp\/v2\/pages"}],"about":[{"href":"https:\/\/careerreadylancaster.com\/es\/wp-json\/wp\/v2\/types\/page"}],"author":[{"embeddable":true,"href":"https:\/\/careerreadylancaster.com\/es\/wp-json\/wp\/v2\/users\/4"}],"replies":[{"embeddable":true,"href":"https:\/\/careerreadylancaster.com\/es\/wp-json\/wp\/v2\/comments?post=1477"}],"version-history":[{"count":14,"href":"https:\/\/careerreadylancaster.com\/es\/wp-json\/wp\/v2\/pages\/1477\/revisions"}],"predecessor-version":[{"id":2413,"href":"https:\/\/careerreadylancaster.com\/es\/wp-json\/wp\/v2\/pages\/1477\/revisions\/2413"}],"up":[{"embeddable":true,"href":"https:\/\/careerreadylancaster.com\/es\/wp-json\/wp\/v2\/pages\/1465"}],"wp:featuredmedia":[{"embeddable":true,"href":"https:\/\/careerreadylancaster.com\/es\/wp-json\/wp\/v2\/media\/2123"}],"wp:attachment":[{"href":"https:\/\/careerreadylancaster.com\/es\/wp-json\/wp\/v2\/media?parent=1477"}],"curies":[{"name":"wp","href":"https:\/\/api.w.org\/{rel}","templated":true}]}}