{"id":1475,"date":"2021-06-21T16:27:10","date_gmt":"2021-06-21T20:27:10","guid":{"rendered":"https:\/\/careerreadylancaster.com\/?page_id=1475"},"modified":"2024-10-24T13:27:26","modified_gmt":"2024-10-24T17:27:26","slug":"apprenticeships","status":"publish","type":"page","link":"https:\/\/careerreadylancaster.com\/es\/career-directions\/apprenticeships\/","title":{"rendered":"Aprendizajes"},"content":{"rendered":"<div class=\"gb-container gb-container-e12a7337 alignfull\"><div class=\"gb-inside-container\">\n<div class=\"gb-grid-wrapper gb-grid-wrapper-91b00b38\">\n<div class=\"gb-grid-column gb-grid-column-285c4429\"><div class=\"gb-container gb-container-285c4429\"><div class=\"gb-inside-container\">\n\n<h3 class=\"gb-headline gb-headline-b15f6f17 gb-headline-text\">Direcciones de carrera<\/h3>\n\n\n\n<h1 class=\"gb-headline gb-headline-8ca7395a gb-headline-text\">Aprendizajes<\/h1>\n\n\n\n<h3 class=\"gb-headline gb-headline-e88335b7 gb-headline-text\">\u00a1Gana dinero mientras aprendes con un aprendizaje! Patrocinados por las propias empresas, asociaciones industriales o sindicatos, y registrados en el estado de Pensilvania, los programas de aprendizaje se pueden encontrar en una variedad de campos, como: construcci\u00f3n, atenci\u00f3n m\u00e9dica, oficina y apoyo administrativo, campo paralegal, tecnolog\u00eda e ingenier\u00eda, y cosmetolog\u00eda.<br><br>Un aprendizaje puede ser una gran oportunidad para los estudiantes pr\u00e1cticos. En un programa de aprendizaje, las empresas le pagan por trabajar bajo la direcci\u00f3n de uno de sus profesionales calificados. Por lo general, un programa de aprendizaje consistir\u00e1 principalmente en aprendizaje en el trabajo con alguna instrucci\u00f3n t\u00e9cnica adicional en un sal\u00f3n de clases. A medida que trabaja, desarrolla el conocimiento y las habilidades que necesita para una carrera en ese campo. Tambi\u00e9n recibe tutor\u00eda, asesoramiento y capacitaci\u00f3n de un profesional experimentado.<br><br>Esta es una excelente manera para que los estudiantes exploren su trayectoria profesional y aprendan m\u00e1s sobre el trabajo que est\u00e1n realizando mientras adquieren experiencia.<\/h3>\n\n<\/div><\/div><\/div>\n<\/div>\n<\/div><div class=\"gb-shapes\"><div class=\"gb-shape gb-shape-1\"><svg xmlns=\"http:\/\/www.w3.org\/2000\/svg\" viewbox=\"0 0 1200 194.3\" preserveaspectratio=\"none\"><path d=\"M1200 133.3l-50 8.9c-50 8.6-150 26.9-250 31.1-100 4.2-200-4.2-300-26.7S400 89.2 300 62.2C200 35.8 100 17.5 50 8.9L0 0v194.3h1200v-61z\"\/><\/svg><\/div><\/div><\/div>\n\n<div class=\"gb-container gb-container-7cc5a522\"><div class=\"gb-inside-container\">\n\n<h3 class=\"gb-headline gb-headline-cad8aa7a\"><span class=\"gb-icon\"><svg stroke-linejoin=\"round\" stroke-linecap=\"round\" fill=\"none\" stroke=\"#000000\" stroke-width=\"1.5\" viewbox=\"0 0 24 24\" height=\"44\" width=\"44\" class=\"icon icon-tabler icon-tabler-coin\" xmlns=\"http:\/\/www.w3.org\/2000\/svg\">   <path fill=\"none\" d=\"M0 0h24v24H0z\" stroke=\"none\"><\/path>   <circle r=\"9\" cy=\"12\" cx=\"12\"><\/circle>   <path d=\"M14.8 9a2 2 0 0 0 -1.8 -1h-2a2 2 0 0 0 0 4h2a2 2 0 0 1 0 4h-2a2 2 0 0 1 -1.8 -1\"><\/path>   <path d=\"M12 6v2m0 8v2\"><\/path> <\/svg><\/span><span class=\"gb-headline-text\">Compromiso financiero<\/span><\/h3>\n\n\n\n<p class=\"gb-headline gb-headline-bd740d0c gb-headline-text\">Los aprendices son trabajadores pagados que est\u00e1n aprendiendo en el trabajo. El pago puede variar de una industria a otra. En promedio, los aprendices comienzan alrededor de $15 por hora. Con el tiempo, un aprendiz podr\u00eda recibir un aumento.<\/p>\n\n<\/div><\/div>\n\n<div class=\"gb-container gb-container-caa7962c\"><div class=\"gb-inside-container\">\n\n<h3 class=\"gb-headline gb-headline-e97a03ff\"><span class=\"gb-icon\"><svg stroke-linejoin=\"round\" stroke-linecap=\"round\" fill=\"none\" stroke=\"#000000\" stroke-width=\"1.5\" viewbox=\"0 0 24 24\" height=\"44\" width=\"44\" class=\"icon icon-tabler icon-tabler-clock\" xmlns=\"http:\/\/www.w3.org\/2000\/svg\">   <path fill=\"none\" d=\"M0 0h24v24H0z\" stroke=\"none\"><\/path>   <circle r=\"9\" cy=\"12\" cx=\"12\"><\/circle>   <polyline points=\"12 7 12 12 15 15\"><\/polyline> <\/svg><\/span><span class=\"gb-headline-text\">Compromiso de tiempo<\/span><\/h3>\n\n\n\n<p class=\"gb-headline gb-headline-d2060fdd gb-headline-text\">El tiempo que lleva completar un programa de aprendizaje var\u00eda. Dependiendo del trabajo en particular para el que se le est\u00e9 capacitando, un aprendizaje puede demorar entre 1 y 6 a\u00f1os en completarse. La mayor\u00eda de los programas requieren que completes un m\u00ednimo de 2000 horas de trabajo.<\/p>\n\n\n\n<p class=\"gb-headline gb-headline-4b6efa37 gb-headline-text\">Un buen lugar para explorar los programas de aprendizaje es <a href=\"https:\/\/nam10.safelinks.protection.outlook.com\/?url=https%3A%2F%2Fwww.dli.pa.gov%2FIndividuals%2FWorkforce-Development%2Fapprenticeship%2FPages%2Fdefault.aspx&amp;data=04%7C01%7Ckpatrick%40lancastercountywib.com%7Cad89b9912c81499bd67308d9c3d55b7e%7C8bb0108f860e4670ac6200a80fc30e6c%7C0%7C0%7C637756143394739026%7CUnknown%7CTWFpbGZsb3d8eyJWIjoiMC4wLjAwMDAiLCJQIjoiV2luMzIiLCJBTiI6Ik1haWwiLCJXVCI6Mn0%3D%7C3000&amp;sdata=0Jr8xQ2hIAO88CcM75d1j6LQNpTDCFdI64mew7sCaDc%3D&amp;reserved=0\" target=\"_blank\" rel=\"noreferrer noopener\"><strong>aprendizaje.gov<\/strong><\/a>.<\/p>\n\n<\/div><\/div>\n\n<div class=\"gb-container gb-container-c6a435c1\"><div class=\"gb-inside-container\">\n\n<h3 class=\"gb-headline gb-headline-0b810cd6\"><span class=\"gb-icon\"><svg stroke-linejoin=\"round\" stroke-linecap=\"round\" fill=\"none\" stroke=\"#000000\" stroke-width=\"1.5\" viewbox=\"0 0 24 24\" height=\"44\" width=\"44\" class=\"icon icon-tabler icon-tabler-home\" xmlns=\"http:\/\/www.w3.org\/2000\/svg\">   <path fill=\"none\" d=\"M0 0h24v24H0z\" stroke=\"none\"><\/path>   <polyline points=\"5 12 3 12 12 3 21 12 19 12\"><\/polyline>   <path d=\"M5 12v7a2 2 0 0 0 2 2h10a2 2 0 0 0 2 -2v-7\"><\/path>   <path d=\"M9 21v-6a2 2 0 0 1 2 -2h2a2 2 0 0 1 2 2v6\"><\/path> <\/svg><\/span><span class=\"gb-headline-text\">Alojamiento<\/span><\/h3>\n\n\n\n<p class=\"gb-headline gb-headline-c8c651ed gb-headline-text\">A diferencia de los programas universitarios o los programas de servicios, los programas de aprendizaje no brindan alojamiento.<\/p>\n\n<\/div><\/div>\n\n<div class=\"gb-container gb-container-664f9b6f\"><div class=\"gb-inside-container\">\n\n<h3 class=\"gb-headline gb-headline-8a0a29f6\"><span class=\"gb-icon\"><svg stroke-linejoin=\"round\" stroke-linecap=\"round\" fill=\"none\" stroke=\"#000000\" stroke-width=\"1.5\" viewbox=\"0 0 24 24\" height=\"44\" width=\"44\" class=\"icon icon-tabler icon-tabler-school\" xmlns=\"http:\/\/www.w3.org\/2000\/svg\">   <path fill=\"none\" d=\"M0 0h24v24H0z\" stroke=\"none\"><\/path>   <path d=\"M22 9l-10 -4l-10 4l10 4l10 -4v6\"><\/path>   <path d=\"M6 10.6v5.4a6 3 0 0 0 12 0v-5.4\"><\/path> <\/svg><\/span><span class=\"gb-headline-text\">Educaci\u00f3n requerida<\/span><\/h3>\n\n\n\n<p class=\"gb-headline gb-headline-2fe64f68 gb-headline-text\">Para la mayor\u00eda de los aprendizajes, necesitar\u00e1 un diploma de escuela secundaria o GED. Dado que el aprendizaje es un trabajo, los solicitantes solicitan los programas de la misma manera que usted solicita un trabajo. Esto significa que es posible que deba enviar un curr\u00edculum y referencias a posibles empleadores.<\/p>\n\n<\/div><\/div>\n\n<div class=\"gb-container gb-container-b6300fe6\"><div class=\"gb-inside-container\">\n\n<h3 class=\"gb-headline gb-headline-b40ddcd5\"><span class=\"gb-icon\"><svg stroke-linejoin=\"round\" stroke-linecap=\"round\" fill=\"none\" stroke=\"#000000\" stroke-width=\"1.5\" viewbox=\"0 0 24 24\" height=\"44\" width=\"44\" class=\"icon icon-tabler icon-tabler-device-desktop-analytics\" xmlns=\"http:\/\/www.w3.org\/2000\/svg\">   <path fill=\"none\" d=\"M0 0h24v24H0z\" stroke=\"none\"><\/path>   <rect rx=\"1\" height=\"12\" width=\"18\" y=\"4\" x=\"3\"><\/rect>   <path d=\"M7 20h10\"><\/path>   <path d=\"M9 16v4\"><\/path>   <path d=\"M15 16v4\"><\/path>   <path d=\"M9 12v-4\"><\/path>   <path d=\"M12 12v-1\"><\/path>   <path d=\"M15 12v-2\"><\/path>   <path d=\"M12 12v-1\"><\/path> <\/svg><\/span><span class=\"gb-headline-text\">Oportunidades profesionales<\/span><\/h3>\n\n\n\n<p class=\"gb-headline gb-headline-e3074f38 gb-headline-text\">Los aprendices completan sus programas listos para una carrera: tienen experiencia en el mundo real y, a menudo, el empleador que los capacit\u00f3 los contrata en un puesto a largo plazo. Existen programas de aprendizaje en los oficios de la construcci\u00f3n, atenci\u00f3n m\u00e9dica, oficina y apoyo administrativo, campo paralegal, tecnolog\u00eda e ingenier\u00eda, cosmetolog\u00eda y muchos otros. Investiga un poco m\u00e1s <strong><a href=\"https:\/\/www.pacareerzone.org\/\" target=\"_blank\" rel=\"noreferrer noopener\">con nuestra calculadora de carrera<\/a><\/strong><a href=\"https:\/\/www.pacareerzone.org\/\">.<\/a><\/p>\n\n<\/div><\/div>\n\n<div class=\"gb-container gb-container-703874c5\"><div class=\"gb-inside-container\">\n\n<figure class=\"wp-block-embed is-type-video is-provider-youtube wp-block-embed-youtube wp-embed-aspect-16-9 wp-has-aspect-ratio\"><div class=\"wp-block-embed__wrapper\">\n<iframe title=\"\u00bfQu\u00e9 tiene de bueno el aprendizaje?\" width=\"1200\" height=\"675\" data-src=\"https:\/\/www.youtube.com\/embed\/hxLEF5I_uLI?feature=oembed\" frameborder=\"0\" allow=\"accelerometer; autoplay; clipboard-write; encrypted-media; gyroscope; picture-in-picture; web-share\" referrerpolicy=\"strict-origin-when-cross-origin\" allowfullscreen src=\"data:image\/svg+xml;base64,PHN2ZyB3aWR0aD0iMSIgaGVpZ2h0PSIxIiB4bWxucz0iaHR0cDovL3d3dy53My5vcmcvMjAwMC9zdmciPjwvc3ZnPg==\" class=\"lazyload\" data-load-mode=\"1\"><\/iframe>\n<\/div><\/figure>\n\n<\/div><\/div>","protected":false},"excerpt":{"rendered":"<p>Compromiso financiero Los aprendices son trabajadores remunerados que aprenden en el trabajo. El pago puede variar de una industria a otra. En promedio, los aprendices comienzan alrededor de $15 por hora. Con el tiempo, un aprendiz podr\u00eda recibir un aumento. Compromiso de tiempo El tiempo que lleva completar un programa de aprendizaje var\u00eda. Dependiendo del trabajo en particular... <\/p>\n<p class=\"read-more-container\"><a title=\"Aprendizajes\" class=\"read-more button\" href=\"https:\/\/careerreadylancaster.com\/es\/career-directions\/apprenticeships\/#more-1475\" aria-label=\"M\u00e1s sobre aprendizajes\">Lee mas<\/a><\/p>","protected":false},"author":4,"featured_media":2131,"parent":1465,"menu_order":0,"comment_status":"closed","ping_status":"closed","template":"","meta":{"_acf_changed":false,"inline_featured_image":false,"_monsterinsights_skip_tracking":false,"_monsterinsights_sitenote_active":false,"_monsterinsights_sitenote_note":"","_monsterinsights_sitenote_category":0,"footnotes":""},"class_list":["post-1475","page","type-page","status-publish","has-post-thumbnail","no-featured-image-padding"],"acf":[],"yoast_head":"<!-- This site is optimized with the Yoast SEO plugin v27.5 - https:\/\/yoast.com\/product\/yoast-seo-wordpress\/ -->\n<title>Apprenticeships - Career Ready Lancaster!<\/title>\n<meta name=\"robots\" content=\"index, follow, max-snippet:-1, max-image-preview:large, max-video-preview:-1\" \/>\n<link rel=\"canonical\" href=\"https:\/\/careerreadylancaster.com\/es\/career-directions\/apprenticeships\/\" \/>\n<meta property=\"og:locale\" content=\"es_ES\" \/>\n<meta property=\"og:type\" content=\"article\" \/>\n<meta property=\"og:title\" content=\"Apprenticeships - Career Ready Lancaster!\" \/>\n<meta property=\"og:description\" content=\"Financial commitment Apprentices are paid workers who are learning on the job. The pay can vary from industry to industry. On average, apprentices start around $15 per hour. Over time, an apprentice might receive a raise. Time commitment The length of time it takes to complete an apprenticeship program varies. Depending on the particular job ... Read more\" \/>\n<meta property=\"og:url\" content=\"https:\/\/careerreadylancaster.com\/es\/career-directions\/apprenticeships\/\" \/>\n<meta property=\"og:site_name\" content=\"Career Ready Lancaster!\" \/>\n<meta property=\"article:modified_time\" content=\"2024-10-24T17:27:26+00:00\" \/>\n<meta property=\"og:image\" content=\"https:\/\/careerreadylancaster.com\/wp-content\/uploads\/2021\/07\/apprenticeships.jpg\" \/>\n\t<meta property=\"og:image:width\" content=\"2000\" \/>\n\t<meta property=\"og:image:height\" content=\"900\" \/>\n\t<meta property=\"og:image:type\" content=\"image\/jpeg\" \/>\n<meta name=\"twitter:card\" content=\"summary_large_image\" \/>\n<meta name=\"twitter:label1\" content=\"Est. reading time\" \/>\n\t<meta name=\"twitter:data1\" content=\"2 minutos\" \/>\n<script type=\"application\/ld+json\" class=\"yoast-schema-graph\">{\"@context\":\"https:\\\/\\\/schema.org\",\"@graph\":[{\"@type\":\"WebPage\",\"@id\":\"https:\\\/\\\/careerreadylancaster.com\\\/career-directions\\\/apprenticeships\\\/\",\"url\":\"https:\\\/\\\/careerreadylancaster.com\\\/career-directions\\\/apprenticeships\\\/\",\"name\":\"Apprenticeships - Career Ready Lancaster!\",\"isPartOf\":{\"@id\":\"https:\\\/\\\/careerreadylancaster.com\\\/#website\"},\"primaryImageOfPage\":{\"@id\":\"https:\\\/\\\/careerreadylancaster.com\\\/career-directions\\\/apprenticeships\\\/#primaryimage\"},\"image\":{\"@id\":\"https:\\\/\\\/careerreadylancaster.com\\\/career-directions\\\/apprenticeships\\\/#primaryimage\"},\"thumbnailUrl\":\"https:\\\/\\\/careerreadylancaster.com\\\/wp-content\\\/uploads\\\/2021\\\/07\\\/apprenticeships.jpg\",\"datePublished\":\"2021-06-21T20:27:10+00:00\",\"dateModified\":\"2024-10-24T17:27:26+00:00\",\"breadcrumb\":{\"@id\":\"https:\\\/\\\/careerreadylancaster.com\\\/career-directions\\\/apprenticeships\\\/#breadcrumb\"},\"inLanguage\":\"es\",\"potentialAction\":[{\"@type\":\"ReadAction\",\"target\":[\"https:\\\/\\\/careerreadylancaster.com\\\/career-directions\\\/apprenticeships\\\/\"]}]},{\"@type\":\"ImageObject\",\"inLanguage\":\"es\",\"@id\":\"https:\\\/\\\/careerreadylancaster.com\\\/career-directions\\\/apprenticeships\\\/#primaryimage\",\"url\":\"https:\\\/\\\/careerreadylancaster.com\\\/wp-content\\\/uploads\\\/2021\\\/07\\\/apprenticeships.jpg\",\"contentUrl\":\"https:\\\/\\\/careerreadylancaster.com\\\/wp-content\\\/uploads\\\/2021\\\/07\\\/apprenticeships.jpg\",\"width\":2000,\"height\":900},{\"@type\":\"BreadcrumbList\",\"@id\":\"https:\\\/\\\/careerreadylancaster.com\\\/career-directions\\\/apprenticeships\\\/#breadcrumb\",\"itemListElement\":[{\"@type\":\"ListItem\",\"position\":1,\"name\":\"Home\",\"item\":\"https:\\\/\\\/careerreadylancaster.com\\\/\"},{\"@type\":\"ListItem\",\"position\":2,\"name\":\"Career Directions\",\"item\":\"https:\\\/\\\/careerreadylancaster.com\\\/career-directions\\\/\"},{\"@type\":\"ListItem\",\"position\":3,\"name\":\"Apprenticeships\"}]},{\"@type\":\"WebSite\",\"@id\":\"https:\\\/\\\/careerreadylancaster.com\\\/#website\",\"url\":\"https:\\\/\\\/careerreadylancaster.com\\\/\",\"name\":\"Career Ready Lancaster!\",\"description\":\"\",\"publisher\":{\"@id\":\"https:\\\/\\\/careerreadylancaster.com\\\/#organization\"},\"potentialAction\":[{\"@type\":\"SearchAction\",\"target\":{\"@type\":\"EntryPoint\",\"urlTemplate\":\"https:\\\/\\\/careerreadylancaster.com\\\/?s={search_term_string}\"},\"query-input\":{\"@type\":\"PropertyValueSpecification\",\"valueRequired\":true,\"valueName\":\"search_term_string\"}}],\"inLanguage\":\"es\"},{\"@type\":\"Organization\",\"@id\":\"https:\\\/\\\/careerreadylancaster.com\\\/#organization\",\"name\":\"Career Ready Lancaster!\",\"url\":\"https:\\\/\\\/careerreadylancaster.com\\\/\",\"logo\":{\"@type\":\"ImageObject\",\"inLanguage\":\"es\",\"@id\":\"https:\\\/\\\/careerreadylancaster.com\\\/#\\\/schema\\\/logo\\\/image\\\/\",\"url\":\"https:\\\/\\\/careerreadylancaster.com\\\/wp-content\\\/uploads\\\/2021\\\/08\\\/crl.png\",\"contentUrl\":\"https:\\\/\\\/careerreadylancaster.com\\\/wp-content\\\/uploads\\\/2021\\\/08\\\/crl.png\",\"width\":1200,\"height\":630,\"caption\":\"Career Ready Lancaster!\"},\"image\":{\"@id\":\"https:\\\/\\\/careerreadylancaster.com\\\/#\\\/schema\\\/logo\\\/image\\\/\"}}]}<\/script>\n<!-- \/ Yoast SEO plugin. -->","yoast_head_json":{"title":"Apprenticeships - Career Ready Lancaster!","robots":{"index":"index","follow":"follow","max-snippet":"max-snippet:-1","max-image-preview":"max-image-preview:large","max-video-preview":"max-video-preview:-1"},"canonical":"https:\/\/careerreadylancaster.com\/es\/career-directions\/apprenticeships\/","og_locale":"es_ES","og_type":"article","og_title":"Apprenticeships - Career Ready Lancaster!","og_description":"Financial commitment Apprentices are paid workers who are learning on the job. The pay can vary from industry to industry. On average, apprentices start around $15 per hour. Over time, an apprentice might receive a raise. Time commitment The length of time it takes to complete an apprenticeship program varies. Depending on the particular job ... Read more","og_url":"https:\/\/careerreadylancaster.com\/es\/career-directions\/apprenticeships\/","og_site_name":"Career Ready Lancaster!","article_modified_time":"2024-10-24T17:27:26+00:00","og_image":[{"width":2000,"height":900,"url":"https:\/\/careerreadylancaster.com\/wp-content\/uploads\/2021\/07\/apprenticeships.jpg","type":"image\/jpeg"}],"twitter_card":"summary_large_image","twitter_misc":{"Est. reading time":"2 minutos"},"schema":{"@context":"https:\/\/schema.org","@graph":[{"@type":"WebPage","@id":"https:\/\/careerreadylancaster.com\/career-directions\/apprenticeships\/","url":"https:\/\/careerreadylancaster.com\/career-directions\/apprenticeships\/","name":"Apprenticeships - Career Ready Lancaster!","isPartOf":{"@id":"https:\/\/careerreadylancaster.com\/#website"},"primaryImageOfPage":{"@id":"https:\/\/careerreadylancaster.com\/career-directions\/apprenticeships\/#primaryimage"},"image":{"@id":"https:\/\/careerreadylancaster.com\/career-directions\/apprenticeships\/#primaryimage"},"thumbnailUrl":"https:\/\/careerreadylancaster.com\/wp-content\/uploads\/2021\/07\/apprenticeships.jpg","datePublished":"2021-06-21T20:27:10+00:00","dateModified":"2024-10-24T17:27:26+00:00","breadcrumb":{"@id":"https:\/\/careerreadylancaster.com\/career-directions\/apprenticeships\/#breadcrumb"},"inLanguage":"es","potentialAction":[{"@type":"ReadAction","target":["https:\/\/careerreadylancaster.com\/career-directions\/apprenticeships\/"]}]},{"@type":"ImageObject","inLanguage":"es","@id":"https:\/\/careerreadylancaster.com\/career-directions\/apprenticeships\/#primaryimage","url":"https:\/\/careerreadylancaster.com\/wp-content\/uploads\/2021\/07\/apprenticeships.jpg","contentUrl":"https:\/\/careerreadylancaster.com\/wp-content\/uploads\/2021\/07\/apprenticeships.jpg","width":2000,"height":900},{"@type":"BreadcrumbList","@id":"https:\/\/careerreadylancaster.com\/career-directions\/apprenticeships\/#breadcrumb","itemListElement":[{"@type":"ListItem","position":1,"name":"Home","item":"https:\/\/careerreadylancaster.com\/"},{"@type":"ListItem","position":2,"name":"Career Directions","item":"https:\/\/careerreadylancaster.com\/career-directions\/"},{"@type":"ListItem","position":3,"name":"Apprenticeships"}]},{"@type":"WebSite","@id":"https:\/\/careerreadylancaster.com\/#website","url":"https:\/\/careerreadylancaster.com\/","name":"Listo para la carrera Lancaster!","description":"","publisher":{"@id":"https:\/\/careerreadylancaster.com\/#organization"},"potentialAction":[{"@type":"SearchAction","target":{"@type":"EntryPoint","urlTemplate":"https:\/\/careerreadylancaster.com\/?s={search_term_string}"},"query-input":{"@type":"PropertyValueSpecification","valueRequired":true,"valueName":"search_term_string"}}],"inLanguage":"es"},{"@type":"Organization","@id":"https:\/\/careerreadylancaster.com\/#organization","name":"Listo para la carrera Lancaster!","url":"https:\/\/careerreadylancaster.com\/","logo":{"@type":"ImageObject","inLanguage":"es","@id":"https:\/\/careerreadylancaster.com\/#\/schema\/logo\/image\/","url":"https:\/\/careerreadylancaster.com\/wp-content\/uploads\/2021\/08\/crl.png","contentUrl":"https:\/\/careerreadylancaster.com\/wp-content\/uploads\/2021\/08\/crl.png","width":1200,"height":630,"caption":"Career Ready Lancaster!"},"image":{"@id":"https:\/\/careerreadylancaster.com\/#\/schema\/logo\/image\/"}}]}},"_links":{"self":[{"href":"https:\/\/careerreadylancaster.com\/es\/wp-json\/wp\/v2\/pages\/1475","targetHints":{"allow":["GET"]}}],"collection":[{"href":"https:\/\/careerreadylancaster.com\/es\/wp-json\/wp\/v2\/pages"}],"about":[{"href":"https:\/\/careerreadylancaster.com\/es\/wp-json\/wp\/v2\/types\/page"}],"author":[{"embeddable":true,"href":"https:\/\/careerreadylancaster.com\/es\/wp-json\/wp\/v2\/users\/4"}],"replies":[{"embeddable":true,"href":"https:\/\/careerreadylancaster.com\/es\/wp-json\/wp\/v2\/comments?post=1475"}],"version-history":[{"count":15,"href":"https:\/\/careerreadylancaster.com\/es\/wp-json\/wp\/v2\/pages\/1475\/revisions"}],"predecessor-version":[{"id":4551,"href":"https:\/\/careerreadylancaster.com\/es\/wp-json\/wp\/v2\/pages\/1475\/revisions\/4551"}],"up":[{"embeddable":true,"href":"https:\/\/careerreadylancaster.com\/es\/wp-json\/wp\/v2\/pages\/1465"}],"wp:featuredmedia":[{"embeddable":true,"href":"https:\/\/careerreadylancaster.com\/es\/wp-json\/wp\/v2\/media\/2131"}],"wp:attachment":[{"href":"https:\/\/careerreadylancaster.com\/es\/wp-json\/wp\/v2\/media?parent=1475"}],"curies":[{"name":"wp","href":"https:\/\/api.w.org\/{rel}","templated":true}]}}