{"id":1467,"date":"2021-06-21T16:25:48","date_gmt":"2021-06-21T16:25:48","guid":{"rendered":"https:\/\/careerreadylancaster.com\/?page_id=1467"},"modified":"2021-08-04T11:42:08","modified_gmt":"2021-08-04T15:42:08","slug":"entering-the-workforce","status":"publish","type":"page","link":"https:\/\/careerreadylancaster.com\/es\/career-directions\/entering-the-workforce\/","title":{"rendered":"Ingresando a la Fuerza Laboral"},"content":{"rendered":"<div class=\"gb-container gb-container-e12a7337 alignfull\"><div class=\"gb-inside-container\">\n<div class=\"gb-grid-wrapper gb-grid-wrapper-91b00b38\">\n<div class=\"gb-grid-column gb-grid-column-285c4429\"><div class=\"gb-container gb-container-285c4429\"><div class=\"gb-inside-container\">\n\n<h3 class=\"gb-headline gb-headline-b15f6f17 gb-headline-text\">Direcciones de carrera<\/h3>\n\n\n\n<h1 class=\"gb-headline gb-headline-8ca7395a gb-headline-text\"><strong>Ingresando a la Fuerza Laboral<\/strong><\/h1>\n\n\n\n<h3 class=\"gb-headline gb-headline-e88335b7 gb-headline-text\">Graduarse de la escuela secundaria es un logro y un trampol\u00edn para muchas nuevas oportunidades de crecimiento. Ir directamente de la escuela al trabajo est\u00e1 perfectamente bien. Lo importante es que crees y pongas en marcha un plan para conseguir tus objetivos, sean los que sean.<\/h3>\n\n<\/div><\/div><\/div>\n<\/div>\n<\/div><div class=\"gb-shapes\"><div class=\"gb-shape gb-shape-1\"><svg xmlns=\"http:\/\/www.w3.org\/2000\/svg\" viewbox=\"0 0 1200 194.3\" preserveaspectratio=\"none\"><path d=\"M1200 133.3l-50 8.9c-50 8.6-150 26.9-250 31.1-100 4.2-200-4.2-300-26.7S400 89.2 300 62.2C200 35.8 100 17.5 50 8.9L0 0v194.3h1200v-61z\"\/><\/svg><\/div><\/div><\/div>\n\n<div class=\"gb-container gb-container-7cc5a522\"><div class=\"gb-inside-container\">\n\n<h3 class=\"gb-headline gb-headline-cad8aa7a\"><span class=\"gb-icon\"><svg stroke-linejoin=\"round\" stroke-linecap=\"round\" fill=\"none\" stroke=\"#000000\" stroke-width=\"1.5\" viewbox=\"0 0 24 24\" height=\"44\" width=\"44\" class=\"icon icon-tabler icon-tabler-coin\" xmlns=\"http:\/\/www.w3.org\/2000\/svg\">   <path fill=\"none\" d=\"M0 0h24v24H0z\" stroke=\"none\"><\/path>   <circle r=\"9\" cy=\"12\" cx=\"12\"><\/circle>   <path d=\"M14.8 9a2 2 0 0 0 -1.8 -1h-2a2 2 0 0 0 0 4h2a2 2 0 0 1 0 4h-2a2 2 0 0 1 -1.8 -1\"><\/path>   <path d=\"M12 6v2m0 8v2\"><\/path> <\/svg><\/span><span class=\"gb-headline-text\">Compromiso financiero<\/span><\/h3>\n\n\n\n<p class=\"gb-headline gb-headline-bd740d0c gb-headline-text\">Conseguir un trabajo bien remunerado es un requisito para la mayor\u00eda de las personas que necesitan generar ingresos para pagar los gastos de manutenci\u00f3n. Tendr\u00e1s gastos como alquiler, seguro, entretenimiento, transporte, comida, etc. Saber lo que necesita ganar y lo que puede pagar es importante mientras busca un trabajo. Su familia y amigos pueden ser un gran recurso para ayudarlo a armar un presupuesto, y existen numerosos recursos en l\u00ednea, incluido este <a href=\"https:\/\/jausa.ja.org\/programs\/supplements\/ja-teen-budgeting-income-and-spending-worksheets\" data-type=\"URL\" data-id=\"https:\/\/jausa.ja.org\/programs\/supplements\/ja-teen-budgeting-income-and-spending-worksheets\" target=\"_blank\" rel=\"noreferrer noopener\">herramienta de presupuesto<\/a>.<\/p>\n\n<\/div><\/div>\n\n<div class=\"gb-container gb-container-caa7962c\"><div class=\"gb-inside-container\">\n\n<h3 class=\"gb-headline gb-headline-e97a03ff\"><span class=\"gb-icon\"><svg stroke-linejoin=\"round\" stroke-linecap=\"round\" fill=\"none\" stroke=\"#000000\" stroke-width=\"1.5\" viewbox=\"0 0 24 24\" height=\"44\" width=\"44\" class=\"icon icon-tabler icon-tabler-clock\" xmlns=\"http:\/\/www.w3.org\/2000\/svg\">   <path fill=\"none\" d=\"M0 0h24v24H0z\" stroke=\"none\"><\/path>   <circle r=\"9\" cy=\"12\" cx=\"12\"><\/circle>   <polyline points=\"12 7 12 12 15 15\"><\/polyline> <\/svg><\/span><span class=\"gb-headline-text\">Compromiso de tiempo<\/span><\/h3>\n\n\n\n<p class=\"gb-headline gb-headline-d2060fdd gb-headline-text\">A menudo, los estudiantes que se toman su tiempo para decidir qu\u00e9 carrera seguir obtienen mejores resultados en la universidad porque tienen una conexi\u00f3n real con metas claras. Tambi\u00e9n entienden m\u00e1s sobre lo que disfrutan y lo que no, antes de comprometerse financieramente con la escuela.<\/p>\n\n<\/div><\/div>\n\n<div class=\"gb-container gb-container-c6a435c1\"><div class=\"gb-inside-container\">\n\n<h3 class=\"gb-headline gb-headline-0b810cd6\"><span class=\"gb-icon\"><svg stroke-linejoin=\"round\" stroke-linecap=\"round\" fill=\"none\" stroke=\"#000000\" stroke-width=\"1.5\" viewbox=\"0 0 24 24\" height=\"44\" width=\"44\" class=\"icon icon-tabler icon-tabler-home\" xmlns=\"http:\/\/www.w3.org\/2000\/svg\">   <path fill=\"none\" d=\"M0 0h24v24H0z\" stroke=\"none\"><\/path>   <polyline points=\"5 12 3 12 12 3 21 12 19 12\"><\/polyline>   <path d=\"M5 12v7a2 2 0 0 0 2 2h10a2 2 0 0 0 2 -2v-7\"><\/path>   <path d=\"M9 21v-6a2 2 0 0 1 2 -2h2a2 2 0 0 1 2 2v6\"><\/path> <\/svg><\/span><span class=\"gb-headline-text\">Alojamiento<\/span><\/h3>\n\n\n\n<p class=\"gb-headline gb-headline-c8c651ed gb-headline-text\">\u00a1La vivienda depende de ti! Puede optar por quedarse en casa si esa es una opci\u00f3n o buscar su propio apartamento cerca de donde trabaja. Las cosas a considerar son el transporte hacia y desde el trabajo y c\u00f3mo eso podr\u00eda tener un efecto en el lugar donde elija residir.<\/p>\n\n<\/div><\/div>\n\n<div class=\"gb-container gb-container-664f9b6f\"><div class=\"gb-inside-container\">\n\n<h3 class=\"gb-headline gb-headline-8a0a29f6\"><span class=\"gb-icon\"><svg stroke-linejoin=\"round\" stroke-linecap=\"round\" fill=\"none\" stroke=\"#000000\" stroke-width=\"1.5\" viewbox=\"0 0 24 24\" height=\"44\" width=\"44\" class=\"icon icon-tabler icon-tabler-school\" xmlns=\"http:\/\/www.w3.org\/2000\/svg\">   <path fill=\"none\" d=\"M0 0h24v24H0z\" stroke=\"none\"><\/path>   <path d=\"M22 9l-10 -4l-10 4l10 4l10 -4v6\"><\/path>   <path d=\"M6 10.6v5.4a6 3 0 0 0 12 0v-5.4\"><\/path> <\/svg><\/span><span class=\"gb-headline-text\">Educaci\u00f3n requerida<\/span><\/h3>\n\n\n\n<p class=\"gb-headline gb-headline-2fe64f68 gb-headline-text\">El nivel de educaci\u00f3n y capacitaci\u00f3n que tenga determinar\u00e1 su potencial de ingresos. Las personas sin su diploma de escuela secundaria o GED, a menudo enfrentan muchos desaf\u00edos para obtener un trabajo sostenible. Si tiene dificultades para completar la escuela o est\u00e1 perdiendo inter\u00e9s, comun\u00edquese con su consejero vocacional, familia o recursos comunitarios para obtener apoyo.<\/p>\n\n<\/div><\/div>\n\n<div class=\"gb-container gb-container-b6300fe6\"><div class=\"gb-inside-container\">\n\n<h3 class=\"gb-headline gb-headline-b40ddcd5\"><span class=\"gb-icon\"><svg stroke-linejoin=\"round\" stroke-linecap=\"round\" fill=\"none\" stroke=\"#000000\" stroke-width=\"1.5\" viewbox=\"0 0 24 24\" height=\"44\" width=\"44\" class=\"icon icon-tabler icon-tabler-device-desktop-analytics\" xmlns=\"http:\/\/www.w3.org\/2000\/svg\">   <path fill=\"none\" d=\"M0 0h24v24H0z\" stroke=\"none\"><\/path>   <rect rx=\"1\" height=\"12\" width=\"18\" y=\"4\" x=\"3\"><\/rect>   <path d=\"M7 20h10\"><\/path>   <path d=\"M9 16v4\"><\/path>   <path d=\"M15 16v4\"><\/path>   <path d=\"M9 12v-4\"><\/path>   <path d=\"M12 12v-1\"><\/path>   <path d=\"M15 12v-2\"><\/path>   <path d=\"M12 12v-1\"><\/path> <\/svg><\/span><span class=\"gb-headline-text\">Oportunidades profesionales<\/span><\/h3>\n\n\n\n<p class=\"gb-headline gb-headline-e3074f38 gb-headline-text\">Si est\u00e1 emocionado por salir de la escuela e ir a trabajar, es esencial estar abierto a aprender nuevas habilidades, independientemente de d\u00f3nde comience. Es importante recordar: \u00a1si dejas de aprender, dejas de crecer! <a href=\"https:\/\/www.pacareerlink.pa.gov\/\" data-type=\"URL\" data-id=\"https:\/\/www.pacareerlink.pa.gov\/\" target=\"_blank\" rel=\"noreferrer noopener\"><strong>Aqu\u00ed hay un gran recurso<\/strong><\/a> para explorar oportunidades profesionales cerca de usted.<\/p>\n\n<\/div><\/div>","protected":false},"excerpt":{"rendered":"<p>Compromiso financiero Conseguir un trabajo bien remunerado es un requisito para la mayor\u00eda de las personas que necesitan generar ingresos para pagar los gastos de manutenci\u00f3n. Tendr\u00e1s gastos como alquiler, seguro, entretenimiento, transporte, comida, etc. Saber lo que necesita hacer y lo que puede pagar es importante mientras busca... <\/p>\n<p class=\"read-more-container\"><a title=\"Ingresando a la Fuerza Laboral\" class=\"read-more button\" href=\"https:\/\/careerreadylancaster.com\/es\/career-directions\/entering-the-workforce\/#more-1467\" aria-label=\"M\u00e1s sobre c\u00f3mo ingresar a la fuerza laboral\">Lee mas<\/a><\/p>","protected":false},"author":4,"featured_media":1819,"parent":1465,"menu_order":0,"comment_status":"closed","ping_status":"closed","template":"","meta":{"_acf_changed":false,"inline_featured_image":false,"_monsterinsights_skip_tracking":false,"_monsterinsights_sitenote_active":false,"_monsterinsights_sitenote_note":"","_monsterinsights_sitenote_category":0,"footnotes":""},"class_list":["post-1467","page","type-page","status-publish","has-post-thumbnail","no-featured-image-padding"],"acf":[],"yoast_head":"<!-- This site is optimized with the Yoast SEO plugin v27.5 - https:\/\/yoast.com\/product\/yoast-seo-wordpress\/ -->\n<title>Entering the Workforce - Career Ready Lancaster!<\/title>\n<meta name=\"robots\" content=\"index, follow, max-snippet:-1, max-image-preview:large, max-video-preview:-1\" \/>\n<link rel=\"canonical\" href=\"https:\/\/careerreadylancaster.com\/es\/career-directions\/entering-the-workforce\/\" \/>\n<meta property=\"og:locale\" content=\"es_ES\" \/>\n<meta property=\"og:type\" content=\"article\" \/>\n<meta property=\"og:title\" content=\"Entering the Workforce - Career Ready Lancaster!\" \/>\n<meta property=\"og:description\" content=\"Financial commitment Getting a good-paying job is a requirement for most people who need to bring in an income to pay for living expenses. You will have expenses such as rent, insurance, entertainment, transportation, food, and so on. Knowing what you need to make and what you can afford are important as you are searching ... Read more\" \/>\n<meta property=\"og:url\" content=\"https:\/\/careerreadylancaster.com\/es\/career-directions\/entering-the-workforce\/\" \/>\n<meta property=\"og:site_name\" content=\"Career Ready Lancaster!\" \/>\n<meta property=\"article:modified_time\" content=\"2021-08-04T15:42:08+00:00\" \/>\n<meta property=\"og:image\" content=\"https:\/\/careerreadylancaster.com\/wp-content\/uploads\/2021\/06\/Dawson-Saner-Jones-3-scaled.jpg\" \/>\n\t<meta property=\"og:image:width\" content=\"1920\" \/>\n\t<meta property=\"og:image:height\" content=\"2560\" \/>\n\t<meta property=\"og:image:type\" content=\"image\/jpeg\" \/>\n<meta name=\"twitter:card\" content=\"summary_large_image\" \/>\n<meta name=\"twitter:label1\" content=\"Est. reading time\" \/>\n\t<meta name=\"twitter:data1\" content=\"2 minutos\" \/>\n<script type=\"application\/ld+json\" class=\"yoast-schema-graph\">{\"@context\":\"https:\\\/\\\/schema.org\",\"@graph\":[{\"@type\":\"WebPage\",\"@id\":\"https:\\\/\\\/careerreadylancaster.com\\\/career-directions\\\/entering-the-workforce\\\/\",\"url\":\"https:\\\/\\\/careerreadylancaster.com\\\/career-directions\\\/entering-the-workforce\\\/\",\"name\":\"Entering the Workforce - Career Ready Lancaster!\",\"isPartOf\":{\"@id\":\"https:\\\/\\\/careerreadylancaster.com\\\/#website\"},\"primaryImageOfPage\":{\"@id\":\"https:\\\/\\\/careerreadylancaster.com\\\/career-directions\\\/entering-the-workforce\\\/#primaryimage\"},\"image\":{\"@id\":\"https:\\\/\\\/careerreadylancaster.com\\\/career-directions\\\/entering-the-workforce\\\/#primaryimage\"},\"thumbnailUrl\":\"https:\\\/\\\/careerreadylancaster.com\\\/wp-content\\\/uploads\\\/2021\\\/06\\\/Dawson-Saner-Jones-3-scaled.jpg\",\"datePublished\":\"2021-06-21T16:25:48+00:00\",\"dateModified\":\"2021-08-04T15:42:08+00:00\",\"breadcrumb\":{\"@id\":\"https:\\\/\\\/careerreadylancaster.com\\\/career-directions\\\/entering-the-workforce\\\/#breadcrumb\"},\"inLanguage\":\"es\",\"potentialAction\":[{\"@type\":\"ReadAction\",\"target\":[\"https:\\\/\\\/careerreadylancaster.com\\\/career-directions\\\/entering-the-workforce\\\/\"]}]},{\"@type\":\"ImageObject\",\"inLanguage\":\"es\",\"@id\":\"https:\\\/\\\/careerreadylancaster.com\\\/career-directions\\\/entering-the-workforce\\\/#primaryimage\",\"url\":\"https:\\\/\\\/careerreadylancaster.com\\\/wp-content\\\/uploads\\\/2021\\\/06\\\/Dawson-Saner-Jones-3-scaled.jpg\",\"contentUrl\":\"https:\\\/\\\/careerreadylancaster.com\\\/wp-content\\\/uploads\\\/2021\\\/06\\\/Dawson-Saner-Jones-3-scaled.jpg\",\"width\":1920,\"height\":2560},{\"@type\":\"BreadcrumbList\",\"@id\":\"https:\\\/\\\/careerreadylancaster.com\\\/career-directions\\\/entering-the-workforce\\\/#breadcrumb\",\"itemListElement\":[{\"@type\":\"ListItem\",\"position\":1,\"name\":\"Home\",\"item\":\"https:\\\/\\\/careerreadylancaster.com\\\/\"},{\"@type\":\"ListItem\",\"position\":2,\"name\":\"Career Directions\",\"item\":\"https:\\\/\\\/careerreadylancaster.com\\\/career-directions\\\/\"},{\"@type\":\"ListItem\",\"position\":3,\"name\":\"Entering the Workforce\"}]},{\"@type\":\"WebSite\",\"@id\":\"https:\\\/\\\/careerreadylancaster.com\\\/#website\",\"url\":\"https:\\\/\\\/careerreadylancaster.com\\\/\",\"name\":\"Career Ready Lancaster!\",\"description\":\"\",\"publisher\":{\"@id\":\"https:\\\/\\\/careerreadylancaster.com\\\/#organization\"},\"potentialAction\":[{\"@type\":\"SearchAction\",\"target\":{\"@type\":\"EntryPoint\",\"urlTemplate\":\"https:\\\/\\\/careerreadylancaster.com\\\/?s={search_term_string}\"},\"query-input\":{\"@type\":\"PropertyValueSpecification\",\"valueRequired\":true,\"valueName\":\"search_term_string\"}}],\"inLanguage\":\"es\"},{\"@type\":\"Organization\",\"@id\":\"https:\\\/\\\/careerreadylancaster.com\\\/#organization\",\"name\":\"Career Ready Lancaster!\",\"url\":\"https:\\\/\\\/careerreadylancaster.com\\\/\",\"logo\":{\"@type\":\"ImageObject\",\"inLanguage\":\"es\",\"@id\":\"https:\\\/\\\/careerreadylancaster.com\\\/#\\\/schema\\\/logo\\\/image\\\/\",\"url\":\"https:\\\/\\\/careerreadylancaster.com\\\/wp-content\\\/uploads\\\/2021\\\/08\\\/crl.png\",\"contentUrl\":\"https:\\\/\\\/careerreadylancaster.com\\\/wp-content\\\/uploads\\\/2021\\\/08\\\/crl.png\",\"width\":1200,\"height\":630,\"caption\":\"Career Ready Lancaster!\"},\"image\":{\"@id\":\"https:\\\/\\\/careerreadylancaster.com\\\/#\\\/schema\\\/logo\\\/image\\\/\"}}]}<\/script>\n<!-- \/ Yoast SEO plugin. -->","yoast_head_json":{"title":"Entering the Workforce - Career Ready Lancaster!","robots":{"index":"index","follow":"follow","max-snippet":"max-snippet:-1","max-image-preview":"max-image-preview:large","max-video-preview":"max-video-preview:-1"},"canonical":"https:\/\/careerreadylancaster.com\/es\/career-directions\/entering-the-workforce\/","og_locale":"es_ES","og_type":"article","og_title":"Entering the Workforce - Career Ready Lancaster!","og_description":"Financial commitment Getting a good-paying job is a requirement for most people who need to bring in an income to pay for living expenses. You will have expenses such as rent, insurance, entertainment, transportation, food, and so on. Knowing what you need to make and what you can afford are important as you are searching ... Read more","og_url":"https:\/\/careerreadylancaster.com\/es\/career-directions\/entering-the-workforce\/","og_site_name":"Career Ready Lancaster!","article_modified_time":"2021-08-04T15:42:08+00:00","og_image":[{"width":1920,"height":2560,"url":"https:\/\/careerreadylancaster.com\/wp-content\/uploads\/2021\/06\/Dawson-Saner-Jones-3-scaled.jpg","type":"image\/jpeg"}],"twitter_card":"summary_large_image","twitter_misc":{"Est. reading time":"2 minutos"},"schema":{"@context":"https:\/\/schema.org","@graph":[{"@type":"WebPage","@id":"https:\/\/careerreadylancaster.com\/career-directions\/entering-the-workforce\/","url":"https:\/\/careerreadylancaster.com\/career-directions\/entering-the-workforce\/","name":"Entering the Workforce - Career Ready Lancaster!","isPartOf":{"@id":"https:\/\/careerreadylancaster.com\/#website"},"primaryImageOfPage":{"@id":"https:\/\/careerreadylancaster.com\/career-directions\/entering-the-workforce\/#primaryimage"},"image":{"@id":"https:\/\/careerreadylancaster.com\/career-directions\/entering-the-workforce\/#primaryimage"},"thumbnailUrl":"https:\/\/careerreadylancaster.com\/wp-content\/uploads\/2021\/06\/Dawson-Saner-Jones-3-scaled.jpg","datePublished":"2021-06-21T16:25:48+00:00","dateModified":"2021-08-04T15:42:08+00:00","breadcrumb":{"@id":"https:\/\/careerreadylancaster.com\/career-directions\/entering-the-workforce\/#breadcrumb"},"inLanguage":"es","potentialAction":[{"@type":"ReadAction","target":["https:\/\/careerreadylancaster.com\/career-directions\/entering-the-workforce\/"]}]},{"@type":"ImageObject","inLanguage":"es","@id":"https:\/\/careerreadylancaster.com\/career-directions\/entering-the-workforce\/#primaryimage","url":"https:\/\/careerreadylancaster.com\/wp-content\/uploads\/2021\/06\/Dawson-Saner-Jones-3-scaled.jpg","contentUrl":"https:\/\/careerreadylancaster.com\/wp-content\/uploads\/2021\/06\/Dawson-Saner-Jones-3-scaled.jpg","width":1920,"height":2560},{"@type":"BreadcrumbList","@id":"https:\/\/careerreadylancaster.com\/career-directions\/entering-the-workforce\/#breadcrumb","itemListElement":[{"@type":"ListItem","position":1,"name":"Home","item":"https:\/\/careerreadylancaster.com\/"},{"@type":"ListItem","position":2,"name":"Career Directions","item":"https:\/\/careerreadylancaster.com\/career-directions\/"},{"@type":"ListItem","position":3,"name":"Entering the Workforce"}]},{"@type":"WebSite","@id":"https:\/\/careerreadylancaster.com\/#website","url":"https:\/\/careerreadylancaster.com\/","name":"Listo para la carrera Lancaster!","description":"","publisher":{"@id":"https:\/\/careerreadylancaster.com\/#organization"},"potentialAction":[{"@type":"SearchAction","target":{"@type":"EntryPoint","urlTemplate":"https:\/\/careerreadylancaster.com\/?s={search_term_string}"},"query-input":{"@type":"PropertyValueSpecification","valueRequired":true,"valueName":"search_term_string"}}],"inLanguage":"es"},{"@type":"Organization","@id":"https:\/\/careerreadylancaster.com\/#organization","name":"Listo para la carrera Lancaster!","url":"https:\/\/careerreadylancaster.com\/","logo":{"@type":"ImageObject","inLanguage":"es","@id":"https:\/\/careerreadylancaster.com\/#\/schema\/logo\/image\/","url":"https:\/\/careerreadylancaster.com\/wp-content\/uploads\/2021\/08\/crl.png","contentUrl":"https:\/\/careerreadylancaster.com\/wp-content\/uploads\/2021\/08\/crl.png","width":1200,"height":630,"caption":"Career Ready Lancaster!"},"image":{"@id":"https:\/\/careerreadylancaster.com\/#\/schema\/logo\/image\/"}}]}},"_links":{"self":[{"href":"https:\/\/careerreadylancaster.com\/es\/wp-json\/wp\/v2\/pages\/1467","targetHints":{"allow":["GET"]}}],"collection":[{"href":"https:\/\/careerreadylancaster.com\/es\/wp-json\/wp\/v2\/pages"}],"about":[{"href":"https:\/\/careerreadylancaster.com\/es\/wp-json\/wp\/v2\/types\/page"}],"author":[{"embeddable":true,"href":"https:\/\/careerreadylancaster.com\/es\/wp-json\/wp\/v2\/users\/4"}],"replies":[{"embeddable":true,"href":"https:\/\/careerreadylancaster.com\/es\/wp-json\/wp\/v2\/comments?post=1467"}],"version-history":[{"count":17,"href":"https:\/\/careerreadylancaster.com\/es\/wp-json\/wp\/v2\/pages\/1467\/revisions"}],"predecessor-version":[{"id":2640,"href":"https:\/\/careerreadylancaster.com\/es\/wp-json\/wp\/v2\/pages\/1467\/revisions\/2640"}],"up":[{"embeddable":true,"href":"https:\/\/careerreadylancaster.com\/es\/wp-json\/wp\/v2\/pages\/1465"}],"wp:featuredmedia":[{"embeddable":true,"href":"https:\/\/careerreadylancaster.com\/es\/wp-json\/wp\/v2\/media\/1819"}],"wp:attachment":[{"href":"https:\/\/careerreadylancaster.com\/es\/wp-json\/wp\/v2\/media?parent=1467"}],"curies":[{"name":"wp","href":"https:\/\/api.w.org\/{rel}","templated":true}]}}