{"id":1465,"date":"2021-06-21T16:25:25","date_gmt":"2021-06-21T16:25:25","guid":{"rendered":"https:\/\/careerreadylancaster.com\/?page_id=1465"},"modified":"2025-08-27T09:52:06","modified_gmt":"2025-08-27T13:52:06","slug":"career-directions","status":"publish","type":"page","link":"https:\/\/careerreadylancaster.com\/es\/career-directions\/","title":{"rendered":"Direcciones de carrera"},"content":{"rendered":"<div class=\"gb-container gb-container-a31161d2\"><div class=\"gb-inside-container\">\n\n<p class=\"gb-headline gb-headline-eaff3f05 gb-headline-text\">Hay muchas direcciones que puede tomar para construir una carrera de por vida. Aqu\u00ed, puede experimentar para tener una mejor idea de c\u00f3mo es cada camino diferente. T\u00f3mese el tiempo aqu\u00ed para explorar cada una de las direcciones. Encontrar\u00e1 recursos para ayudarlo a comprender mejor los ingresos (es decir, cu\u00e1nto dinero podr\u00eda ganar), los requisitos educativos y otros factores importantes al determinar una direcci\u00f3n.<\/p>\n\n<\/div><\/div>\n\n<div class=\"gb-container gb-container-39afeaf8 alignfull\"><div class=\"gb-inside-container\">\n\n<h2 class=\"gb-headline gb-headline-425dae81 gb-headline-text\">Explorar direcciones de carrera<\/h2>\n\n\n<div class=\"gb-grid-wrapper gb-grid-wrapper-28844abc\">\n<div class=\"gb-grid-column gb-grid-column-665edd76\"><div class=\"gb-container gb-container-665edd76 direction-item\"><div class=\"gb-inside-container\">\n\n<h4 class=\"gb-headline gb-headline-df7ddc54\"><span class=\"gb-icon\"><svg xmlns=\"http:\/\/www.w3.org\/2000\/svg\" viewbox=\"0 0 512 512\" width=\"1em\" height=\"1em\" aria-hidden=\"true\"><path d=\"M466.5 83.7l-192-80a48.15 48.15 0 0 0-36.9 0l-192 80C27.7 91.1 16 108.6 16 128c0 198.5 114.5 335.7 221.5 380.3 11.8 4.9 25.1 4.9 36.9 0C360.1 472.6 496 349.3 496 128c0-19.4-11.7-36.9-29.5-44.3zM256.1 446.3l-.1-381 175.9 73.3c-3.3 151.4-82.1 261.1-175.8 307.7z\" fill=\"currentColor\"><\/path><\/svg><\/span><span class=\"gb-headline-text\"><strong>Ingresando a la Fuerza Laboral<\/strong><\/span><\/h4>\n\n\n\n<p class=\"gb-headline gb-headline-c8fa054f gb-headline-text\">Graduarse de la escuela secundaria es un logro y un trampol\u00edn para muchas nuevas oportunidades de crecimiento. Ingresar directamente a la fuerza laboral requiere que haga un plan de acci\u00f3n para lograr sus objetivos.<\/p>\n\n<\/div><\/div><\/div>\n\n<div class=\"gb-grid-column gb-grid-column-e0868943\"><div class=\"gb-container gb-container-e0868943 direction-item\"><div class=\"gb-inside-container\">\n\n<h4 class=\"gb-headline gb-headline-a89d9810\"><span class=\"gb-icon\"><svg xmlns=\"http:\/\/www.w3.org\/2000\/svg\" viewbox=\"0 0 448 512\" width=\"1em\" height=\"1em\" aria-hidden=\"true\"><path d=\"M400 32H48C21.5 32 0 53.5 0 80v352c0 26.5 21.5 48 48 48h352c26.5 0 48-21.5 48-48V80c0-26.5-21.5-48-48-48zm-32 252c0 6.6-5.4 12-12 12h-92v92c0 6.6-5.4 12-12 12h-56c-6.6 0-12-5.4-12-12v-92H92c-6.6 0-12-5.4-12-12v-56c0-6.6 5.4-12 12-12h92v-92c0-6.6 5.4-12 12-12h56c6.6 0 12 5.4 12 12v92h92c6.6 0 12 5.4 12 12v56z\" fill=\"currentColor\"><\/path><\/svg><\/span><span class=\"gb-headline-text\"><strong>Escuela de Comercio \/ Certificaciones<\/strong><\/span><\/h4>\n\n\n\n<p>Busque capacitaci\u00f3n pr\u00e1ctica y centrada en la carrera en un determinado oficio o habilidad t\u00e9cnica. Las clases que toma se enfocan principalmente en su carrera elegida en capacitaci\u00f3n t\u00e9cnica.<\/p>\n\n<\/div><\/div><\/div>\n\n<div class=\"gb-grid-column gb-grid-column-298388f8\"><div class=\"gb-container gb-container-298388f8 direction-item\"><div class=\"gb-inside-container\">\n\n<h4 class=\"gb-headline gb-headline-1f1f7c9e\"><span class=\"gb-icon\"><svg xmlns=\"http:\/\/www.w3.org\/2000\/svg\" viewbox=\"0 0 448 512\" width=\"1em\" height=\"1em\" aria-hidden=\"true\"><path d=\"M400 480H48c-26.51 0-48-21.49-48-48V80c0-26.51 21.49-48 48-48h352c26.51 0 48 21.49 48 48v352c0 26.51-21.49 48-48 48zm-204.686-98.059l184-184c6.248-6.248 6.248-16.379 0-22.627l-22.627-22.627c-6.248-6.248-16.379-6.249-22.628 0L184 302.745l-70.059-70.059c-6.248-6.248-16.379-6.248-22.628 0l-22.627 22.627c-6.248 6.248-6.248 16.379 0 22.627l104 104c6.249 6.25 16.379 6.25 22.628.001z\" fill=\"currentColor\"><\/path><\/svg><\/span><span class=\"gb-headline-text\"><strong>universidad de 4 a\u00f1os<\/strong><\/span><\/h4>\n\n\n\n<p>Para un buscador de carrera que quiere explorar diferentes intereses o quiere desarrollar un conjunto de habilidades profesionales m\u00e1s all\u00e1 de una certificaci\u00f3n, un programa de 4 a\u00f1os suele ser la opci\u00f3n adecuada.<\/p>\n\n<\/div><\/div><\/div>\n\n<div class=\"gb-grid-column gb-grid-column-13c3e17e\"><div class=\"gb-container gb-container-13c3e17e direction-item\"><div class=\"gb-inside-container\">\n\n<h4 class=\"gb-headline gb-headline-535b6592\"><span class=\"gb-icon\"><svg xmlns=\"http:\/\/www.w3.org\/2000\/svg\" viewbox=\"0 0 496 512\" width=\"1em\" height=\"1em\" aria-hidden=\"true\"><path d=\"M248 8C111 8 0 119 0 256s111 248 248 248 248-111 248-248S385 8 248 8zm0 96c48.6 0 88 39.4 88 88s-39.4 88-88 88-88-39.4-88-88 39.4-88 88-88zm0 344c-58.7 0-111.3-26.6-146.5-68.2 18.8-35.4 55.6-59.8 98.5-59.8 2.4 0 4.8.4 7.1 1.1 13 4.2 26.6 6.9 40.9 6.9 14.3 0 28-2.7 40.9-6.9 2.3-.7 4.7-1.1 7.1-1.1 42.9 0 79.7 24.4 98.5 59.8C359.3 421.4 306.7 448 248 448z\" fill=\"currentColor\"><\/path><\/svg><\/span><span class=\"gb-headline-text\"><strong>universidad de 2 a\u00f1os<\/strong><\/span><\/h4>\n\n\n\n<p>Los t\u00edtulos asociados preparan a los estudiantes para el trabajo de nivel de entrada, las habilidades b\u00e1sicas y el conocimiento en su campo de estudio.<\/p>\n\n<\/div><\/div><\/div>\n\n<div class=\"gb-grid-column gb-grid-column-63ae1653\"><div class=\"gb-container gb-container-63ae1653 direction-item\"><div class=\"gb-inside-container\">\n\n<h4 class=\"gb-headline gb-headline-83ebe320\"><span class=\"gb-icon\"><svg xmlns=\"http:\/\/www.w3.org\/2000\/svg\" viewbox=\"0 0 448 512\" width=\"1em\" height=\"1em\" aria-hidden=\"true\"><path d=\"M400 480H48c-26.51 0-48-21.49-48-48V80c0-26.51 21.49-48 48-48h352c26.51 0 48 21.49 48 48v352c0 26.51-21.49 48-48 48zm-204.686-98.059l184-184c6.248-6.248 6.248-16.379 0-22.627l-22.627-22.627c-6.248-6.248-16.379-6.249-22.628 0L184 302.745l-70.059-70.059c-6.248-6.248-16.379-6.248-22.628 0l-22.627 22.627c-6.248 6.248-6.248 16.379 0 22.627l104 104c6.249 6.25 16.379 6.25 22.628.001z\" fill=\"currentColor\"><\/path><\/svg><\/span><span class=\"gb-headline-text\"><strong>Aprendizajes<\/strong><\/span><\/h4>\n\n\n\n<p>\u00a1Gana dinero mientras aprendes con un aprendizaje! Existen oportunidades en una variedad de campos, desde el cuidado de la salud hasta el legal y la fabricaci\u00f3n.<\/p>\n\n<\/div><\/div><\/div>\n\n<div class=\"gb-grid-column gb-grid-column-65c9fd0c\"><div class=\"gb-container gb-container-65c9fd0c direction-item\"><div class=\"gb-inside-container\">\n\n<h4 class=\"gb-headline gb-headline-4a70853f\"><span class=\"gb-icon\"><svg xmlns=\"http:\/\/www.w3.org\/2000\/svg\" viewbox=\"0 0 496 512\" width=\"1em\" height=\"1em\" aria-hidden=\"true\"><path d=\"M248 8C111 8 0 119 0 256s111 248 248 248 248-111 248-248S385 8 248 8zm0 96c48.6 0 88 39.4 88 88s-39.4 88-88 88-88-39.4-88-88 39.4-88 88-88zm0 344c-58.7 0-111.3-26.6-146.5-68.2 18.8-35.4 55.6-59.8 98.5-59.8 2.4 0 4.8.4 7.1 1.1 13 4.2 26.6 6.9 40.9 6.9 14.3 0 28-2.7 40.9-6.9 2.3-.7 4.7-1.1 7.1-1.1 42.9 0 79.7 24.4 98.5 59.8C359.3 421.4 306.7 448 248 448z\" fill=\"currentColor\"><\/path><\/svg><\/span><span class=\"gb-headline-text\"><strong>A\u00f1o de servicio<\/strong><\/span><\/h4>\n\n\n\n<p>Un a\u00f1o de servicio o sab\u00e1tico, esta es una excelente manera de trabajar, brindar servicio a los dem\u00e1s y aprender mientras obtiene una visi\u00f3n personal.<\/p>\n\n<\/div><\/div><\/div>\n\n<div class=\"gb-grid-column gb-grid-column-c3a34aaf\"><div class=\"gb-container gb-container-c3a34aaf direction-item\"><div class=\"gb-inside-container\">\n\n<h4 class=\"gb-headline gb-headline-2ee2ee4a\"><span class=\"gb-icon\"><svg xmlns=\"http:\/\/www.w3.org\/2000\/svg\" viewbox=\"0 0 496 512\" width=\"1em\" height=\"1em\" aria-hidden=\"true\"><path d=\"M248 8C111 8 0 119 0 256s111 248 248 248 248-111 248-248S385 8 248 8zm0 96c48.6 0 88 39.4 88 88s-39.4 88-88 88-88-39.4-88-88 39.4-88 88-88zm0 344c-58.7 0-111.3-26.6-146.5-68.2 18.8-35.4 55.6-59.8 98.5-59.8 2.4 0 4.8.4 7.1 1.1 13 4.2 26.6 6.9 40.9 6.9 14.3 0 28-2.7 40.9-6.9 2.3-.7 4.7-1.1 7.1-1.1 42.9 0 79.7 24.4 98.5 59.8C359.3 421.4 306.7 448 248 448z\" fill=\"currentColor\"><\/path><\/svg><\/span><span class=\"gb-headline-text\"><strong>Servicio militar<\/strong><\/span><\/h4>\n\n\n\n<p>Servir en las fuerzas armadas tiene muchos beneficios y riesgos. Servir en una rama militar brinda la oportunidad de aprender y obtener ingresos al mismo tiempo que sirve a nuestro pa\u00eds.<\/p>\n\n<\/div><\/div><\/div>\n\n<div class=\"gb-grid-column gb-grid-column-ae0be59f\"><div class=\"gb-container gb-container-ae0be59f direction-item\"><div class=\"gb-inside-container\">\n\n<h4 class=\"gb-headline gb-headline-8ded9bdd\"><span class=\"gb-icon\"><svg xmlns=\"http:\/\/www.w3.org\/2000\/svg\" viewbox=\"0 0 496 512\" width=\"1em\" height=\"1em\" aria-hidden=\"true\"><path d=\"M248 8C111 8 0 119 0 256s111 248 248 248 248-111 248-248S385 8 248 8zm0 96c48.6 0 88 39.4 88 88s-39.4 88-88 88-88-39.4-88-88 39.4-88 88-88zm0 344c-58.7 0-111.3-26.6-146.5-68.2 18.8-35.4 55.6-59.8 98.5-59.8 2.4 0 4.8.4 7.1 1.1 13 4.2 26.6 6.9 40.9 6.9 14.3 0 28-2.7 40.9-6.9 2.3-.7 4.7-1.1 7.1-1.1 42.9 0 79.7 24.4 98.5 59.8C359.3 421.4 306.7 448 248 448z\" fill=\"currentColor\"><\/path><\/svg><\/span><span class=\"gb-headline-text\"><strong>Recualificaci\u00f3n \/ Upskilling<\/strong><\/span><\/h4>\n\n\n\n<p>Ya sea que aprenda nuevas habilidades (mejora de las habilidades) en su trabajo actual o que aprenda nuevas habilidades para hacer un trabajo diferente (recapacitaci\u00f3n), las oportunidades de capacitaci\u00f3n pueden existir justo donde se encuentra.<\/p>\n\n<\/div><\/div><\/div>\n<\/div>\n<\/div><div class=\"gb-shapes\"><div class=\"gb-shape gb-shape-1\"><svg xmlns=\"http:\/\/www.w3.org\/2000\/svg\" viewbox=\"0 0 1200 194.3\" preserveaspectratio=\"none\"><path d=\"M1200 133.3l-50 8.9c-50 8.6-150 26.9-250 31.1-100 4.2-200-4.2-300-26.7S400 89.2 300 62.2C200 35.8 100 17.5 50 8.9L0 0v194.3h1200v-61z\"\/><\/svg><\/div><div class=\"gb-shape gb-shape-2\"><svg xmlns=\"http:\/\/www.w3.org\/2000\/svg\" viewbox=\"0 0 1200 137.6\" preserveaspectratio=\"none\"><path d=\"M0 137.6h1200V21.9l-66.7 26.7c-66.7 26.7-200 80-333.3 66.7S533.3 21.9 400 4.2C266.7-13.9 133.3 31.1 66.7 53L0 75.3v62.3z\"\/><\/svg><\/div><\/div><\/div>\n\n<div class=\"gb-container gb-container-6e2b92cd\"><div class=\"gb-inside-container\"><\/div><\/div>","protected":false},"excerpt":{"rendered":"<p>Hay muchas direcciones que puede tomar para construir una carrera de por vida. Aqu\u00ed, puede experimentar para tener una mejor idea de c\u00f3mo es cada camino diferente. T\u00f3mese el tiempo aqu\u00ed para explorar cada una de las direcciones. Encontrar\u00e1 recursos que lo ayudar\u00e1n a comprender mejor los ingresos (es decir, cu\u00e1nto dinero... <\/p>\n<p class=\"read-more-container\"><a title=\"Direcciones de carrera\" class=\"read-more button\" href=\"https:\/\/careerreadylancaster.com\/es\/career-directions\/#more-1465\" aria-label=\"M\u00e1s sobre direcciones de carrera\">Lee mas<\/a><\/p>","protected":false},"author":4,"featured_media":2128,"parent":0,"menu_order":0,"comment_status":"closed","ping_status":"closed","template":"","meta":{"_acf_changed":false,"inline_featured_image":false,"_monsterinsights_skip_tracking":false,"_monsterinsights_sitenote_active":false,"_monsterinsights_sitenote_note":"","_monsterinsights_sitenote_category":0,"footnotes":""},"class_list":["post-1465","page","type-page","status-publish","has-post-thumbnail","no-featured-image-padding"],"acf":[],"yoast_head":"<!-- This site is optimized with the Yoast SEO plugin v27.3 - https:\/\/yoast.com\/product\/yoast-seo-wordpress\/ -->\n<title>Career Directions - Career Ready Lancaster!<\/title>\n<meta name=\"robots\" content=\"index, follow, max-snippet:-1, max-image-preview:large, max-video-preview:-1\" \/>\n<link rel=\"canonical\" href=\"https:\/\/careerreadylancaster.com\/es\/career-directions\/\" \/>\n<meta property=\"og:locale\" content=\"es_ES\" \/>\n<meta property=\"og:type\" content=\"article\" \/>\n<meta property=\"og:title\" content=\"Career Directions - Career Ready Lancaster!\" \/>\n<meta property=\"og:description\" content=\"There are many directions you can take to build a life-long career. Here, you can experiment to get a better idea of what it is like on each different path. Take time here to explore each of the directions. You will find resources to help you better understand income (that is, how much money you ... Read more\" \/>\n<meta property=\"og:url\" content=\"https:\/\/careerreadylancaster.com\/es\/career-directions\/\" \/>\n<meta property=\"og:site_name\" content=\"Career Ready Lancaster!\" \/>\n<meta property=\"article:modified_time\" content=\"2025-08-27T13:52:06+00:00\" \/>\n<meta property=\"og:image\" content=\"https:\/\/careerreadylancaster.com\/wp-content\/uploads\/2021\/07\/directions.jpg\" \/>\n\t<meta property=\"og:image:width\" content=\"2000\" \/>\n\t<meta property=\"og:image:height\" content=\"900\" \/>\n\t<meta property=\"og:image:type\" content=\"image\/jpeg\" \/>\n<meta name=\"twitter:card\" content=\"summary_large_image\" \/>\n<meta name=\"twitter:label1\" content=\"Est. reading time\" \/>\n\t<meta name=\"twitter:data1\" content=\"2 minutos\" \/>\n<script type=\"application\/ld+json\" class=\"yoast-schema-graph\">{\"@context\":\"https:\\\/\\\/schema.org\",\"@graph\":[{\"@type\":\"WebPage\",\"@id\":\"https:\\\/\\\/careerreadylancaster.com\\\/career-directions\\\/\",\"url\":\"https:\\\/\\\/careerreadylancaster.com\\\/career-directions\\\/\",\"name\":\"Career Directions - Career Ready Lancaster!\",\"isPartOf\":{\"@id\":\"https:\\\/\\\/careerreadylancaster.com\\\/#website\"},\"primaryImageOfPage\":{\"@id\":\"https:\\\/\\\/careerreadylancaster.com\\\/career-directions\\\/#primaryimage\"},\"image\":{\"@id\":\"https:\\\/\\\/careerreadylancaster.com\\\/career-directions\\\/#primaryimage\"},\"thumbnailUrl\":\"https:\\\/\\\/careerreadylancaster.com\\\/wp-content\\\/uploads\\\/2021\\\/07\\\/directions.jpg\",\"datePublished\":\"2021-06-21T16:25:25+00:00\",\"dateModified\":\"2025-08-27T13:52:06+00:00\",\"breadcrumb\":{\"@id\":\"https:\\\/\\\/careerreadylancaster.com\\\/career-directions\\\/#breadcrumb\"},\"inLanguage\":\"es\",\"potentialAction\":[{\"@type\":\"ReadAction\",\"target\":[\"https:\\\/\\\/careerreadylancaster.com\\\/career-directions\\\/\"]}]},{\"@type\":\"ImageObject\",\"inLanguage\":\"es\",\"@id\":\"https:\\\/\\\/careerreadylancaster.com\\\/career-directions\\\/#primaryimage\",\"url\":\"https:\\\/\\\/careerreadylancaster.com\\\/wp-content\\\/uploads\\\/2021\\\/07\\\/directions.jpg\",\"contentUrl\":\"https:\\\/\\\/careerreadylancaster.com\\\/wp-content\\\/uploads\\\/2021\\\/07\\\/directions.jpg\",\"width\":2000,\"height\":900},{\"@type\":\"BreadcrumbList\",\"@id\":\"https:\\\/\\\/careerreadylancaster.com\\\/career-directions\\\/#breadcrumb\",\"itemListElement\":[{\"@type\":\"ListItem\",\"position\":1,\"name\":\"Home\",\"item\":\"https:\\\/\\\/careerreadylancaster.com\\\/\"},{\"@type\":\"ListItem\",\"position\":2,\"name\":\"Career Directions\"}]},{\"@type\":\"WebSite\",\"@id\":\"https:\\\/\\\/careerreadylancaster.com\\\/#website\",\"url\":\"https:\\\/\\\/careerreadylancaster.com\\\/\",\"name\":\"Career Ready Lancaster!\",\"description\":\"\",\"publisher\":{\"@id\":\"https:\\\/\\\/careerreadylancaster.com\\\/#organization\"},\"potentialAction\":[{\"@type\":\"SearchAction\",\"target\":{\"@type\":\"EntryPoint\",\"urlTemplate\":\"https:\\\/\\\/careerreadylancaster.com\\\/?s={search_term_string}\"},\"query-input\":{\"@type\":\"PropertyValueSpecification\",\"valueRequired\":true,\"valueName\":\"search_term_string\"}}],\"inLanguage\":\"es\"},{\"@type\":\"Organization\",\"@id\":\"https:\\\/\\\/careerreadylancaster.com\\\/#organization\",\"name\":\"Career Ready Lancaster!\",\"url\":\"https:\\\/\\\/careerreadylancaster.com\\\/\",\"logo\":{\"@type\":\"ImageObject\",\"inLanguage\":\"es\",\"@id\":\"https:\\\/\\\/careerreadylancaster.com\\\/#\\\/schema\\\/logo\\\/image\\\/\",\"url\":\"https:\\\/\\\/careerreadylancaster.com\\\/wp-content\\\/uploads\\\/2021\\\/08\\\/crl.png\",\"contentUrl\":\"https:\\\/\\\/careerreadylancaster.com\\\/wp-content\\\/uploads\\\/2021\\\/08\\\/crl.png\",\"width\":1200,\"height\":630,\"caption\":\"Career Ready Lancaster!\"},\"image\":{\"@id\":\"https:\\\/\\\/careerreadylancaster.com\\\/#\\\/schema\\\/logo\\\/image\\\/\"}}]}<\/script>\n<!-- \/ Yoast SEO plugin. -->","yoast_head_json":{"title":"Career Directions - Career Ready Lancaster!","robots":{"index":"index","follow":"follow","max-snippet":"max-snippet:-1","max-image-preview":"max-image-preview:large","max-video-preview":"max-video-preview:-1"},"canonical":"https:\/\/careerreadylancaster.com\/es\/career-directions\/","og_locale":"es_ES","og_type":"article","og_title":"Career Directions - Career Ready Lancaster!","og_description":"There are many directions you can take to build a life-long career. Here, you can experiment to get a better idea of what it is like on each different path. Take time here to explore each of the directions. You will find resources to help you better understand income (that is, how much money you ... Read more","og_url":"https:\/\/careerreadylancaster.com\/es\/career-directions\/","og_site_name":"Career Ready Lancaster!","article_modified_time":"2025-08-27T13:52:06+00:00","og_image":[{"width":2000,"height":900,"url":"https:\/\/careerreadylancaster.com\/wp-content\/uploads\/2021\/07\/directions.jpg","type":"image\/jpeg"}],"twitter_card":"summary_large_image","twitter_misc":{"Est. reading time":"2 minutos"},"schema":{"@context":"https:\/\/schema.org","@graph":[{"@type":"WebPage","@id":"https:\/\/careerreadylancaster.com\/career-directions\/","url":"https:\/\/careerreadylancaster.com\/career-directions\/","name":"Career Directions - Career Ready Lancaster!","isPartOf":{"@id":"https:\/\/careerreadylancaster.com\/#website"},"primaryImageOfPage":{"@id":"https:\/\/careerreadylancaster.com\/career-directions\/#primaryimage"},"image":{"@id":"https:\/\/careerreadylancaster.com\/career-directions\/#primaryimage"},"thumbnailUrl":"https:\/\/careerreadylancaster.com\/wp-content\/uploads\/2021\/07\/directions.jpg","datePublished":"2021-06-21T16:25:25+00:00","dateModified":"2025-08-27T13:52:06+00:00","breadcrumb":{"@id":"https:\/\/careerreadylancaster.com\/career-directions\/#breadcrumb"},"inLanguage":"es","potentialAction":[{"@type":"ReadAction","target":["https:\/\/careerreadylancaster.com\/career-directions\/"]}]},{"@type":"ImageObject","inLanguage":"es","@id":"https:\/\/careerreadylancaster.com\/career-directions\/#primaryimage","url":"https:\/\/careerreadylancaster.com\/wp-content\/uploads\/2021\/07\/directions.jpg","contentUrl":"https:\/\/careerreadylancaster.com\/wp-content\/uploads\/2021\/07\/directions.jpg","width":2000,"height":900},{"@type":"BreadcrumbList","@id":"https:\/\/careerreadylancaster.com\/career-directions\/#breadcrumb","itemListElement":[{"@type":"ListItem","position":1,"name":"Home","item":"https:\/\/careerreadylancaster.com\/"},{"@type":"ListItem","position":2,"name":"Career Directions"}]},{"@type":"WebSite","@id":"https:\/\/careerreadylancaster.com\/#website","url":"https:\/\/careerreadylancaster.com\/","name":"Listo para la carrera Lancaster!","description":"","publisher":{"@id":"https:\/\/careerreadylancaster.com\/#organization"},"potentialAction":[{"@type":"SearchAction","target":{"@type":"EntryPoint","urlTemplate":"https:\/\/careerreadylancaster.com\/?s={search_term_string}"},"query-input":{"@type":"PropertyValueSpecification","valueRequired":true,"valueName":"search_term_string"}}],"inLanguage":"es"},{"@type":"Organization","@id":"https:\/\/careerreadylancaster.com\/#organization","name":"Listo para la carrera Lancaster!","url":"https:\/\/careerreadylancaster.com\/","logo":{"@type":"ImageObject","inLanguage":"es","@id":"https:\/\/careerreadylancaster.com\/#\/schema\/logo\/image\/","url":"https:\/\/careerreadylancaster.com\/wp-content\/uploads\/2021\/08\/crl.png","contentUrl":"https:\/\/careerreadylancaster.com\/wp-content\/uploads\/2021\/08\/crl.png","width":1200,"height":630,"caption":"Career Ready Lancaster!"},"image":{"@id":"https:\/\/careerreadylancaster.com\/#\/schema\/logo\/image\/"}}]}},"_links":{"self":[{"href":"https:\/\/careerreadylancaster.com\/es\/wp-json\/wp\/v2\/pages\/1465","targetHints":{"allow":["GET"]}}],"collection":[{"href":"https:\/\/careerreadylancaster.com\/es\/wp-json\/wp\/v2\/pages"}],"about":[{"href":"https:\/\/careerreadylancaster.com\/es\/wp-json\/wp\/v2\/types\/page"}],"author":[{"embeddable":true,"href":"https:\/\/careerreadylancaster.com\/es\/wp-json\/wp\/v2\/users\/4"}],"replies":[{"embeddable":true,"href":"https:\/\/careerreadylancaster.com\/es\/wp-json\/wp\/v2\/comments?post=1465"}],"version-history":[{"count":42,"href":"https:\/\/careerreadylancaster.com\/es\/wp-json\/wp\/v2\/pages\/1465\/revisions"}],"predecessor-version":[{"id":4719,"href":"https:\/\/careerreadylancaster.com\/es\/wp-json\/wp\/v2\/pages\/1465\/revisions\/4719"}],"wp:featuredmedia":[{"embeddable":true,"href":"https:\/\/careerreadylancaster.com\/es\/wp-json\/wp\/v2\/media\/2128"}],"wp:attachment":[{"href":"https:\/\/careerreadylancaster.com\/es\/wp-json\/wp\/v2\/media?parent=1465"}],"curies":[{"name":"wp","href":"https:\/\/api.w.org\/{rel}","templated":true}]}}